{"id":126862,"date":"2025-08-26T09:51:29","date_gmt":"2025-08-26T07:51:29","guid":{"rendered":"https:\/\/autostil.ba\/maloprodaja\/?post_type=product&#038;p=126862"},"modified":"2026-04-08T11:53:36","modified_gmt":"2026-04-08T09:53:36","slug":"okvir-za-tablicu-sa-kamerom-asy","status":"publish","type":"product","link":"https:\/\/autostil.ba\/maloprodaja\/proizvod\/6908\/okvir-za-tablicu-sa-kamerom-asy\/","title":{"rendered":"OKVIR ZA TABLICU SA KAMEROM ASY"},"content":{"rendered":"","protected":false},"excerpt":{"rendered":"<p>OKVIR ZA TABLICU SA KAMEROM Vodootporni okvir za registracijsku tablicu sa ugra\u0111enom kamerom koja na sebi ima led diode za no\u0107nu vo\u017enju . Odgovara za sve standardne tablice . Visoka rezolucije kamere , vodootporna, sa \u0161irokim pregledom . Kamera vam daje puni pogled na pole\u0111inu va\u0161eg automobila kada se vozite. Paket uklju\u010duje: 1 x okvir sa stra\u017enjom kamerom; 1 x video kabal (6m); 1 x kabal za napajanje (1m).<\/p>\n","protected":false},"featured_media":126863,"comment_status":"open","ping_status":"closed","template":"","meta":{"_acf_changed":false,"inline_featured_image":false},"product_brand":[],"product_cat":[108],"product_tag":[],"class_list":{"0":"post-126862","1":"product","2":"type-product","3":"status-publish","4":"has-post-thumbnail","6":"product_cat-nosaci-registarskih-tablica","8":"first","9":"instock","10":"taxable","11":"shipping-taxable","12":"purchasable","13":"product-type-simple"},"acf":[],"custom_product_id":"6908","_links":{"self":[{"href":"https:\/\/autostil.ba\/maloprodaja\/wp-json\/wp\/v2\/product\/126862","targetHints":{"allow":["GET"]}}],"collection":[{"href":"https:\/\/autostil.ba\/maloprodaja\/wp-json\/wp\/v2\/product"}],"about":[{"href":"https:\/\/autostil.ba\/maloprodaja\/wp-json\/wp\/v2\/types\/product"}],"replies":[{"embeddable":true,"href":"https:\/\/autostil.ba\/maloprodaja\/wp-json\/wp\/v2\/comments?post=126862"}],"version-history":[{"count":1,"href":"https:\/\/autostil.ba\/maloprodaja\/wp-json\/wp\/v2\/product\/126862\/revisions"}],"predecessor-version":[{"id":126864,"href":"https:\/\/autostil.ba\/maloprodaja\/wp-json\/wp\/v2\/product\/126862\/revisions\/126864"}],"wp:featuredmedia":[{"embeddable":true,"href":"https:\/\/autostil.ba\/maloprodaja\/wp-json\/wp\/v2\/media\/126863"}],"wp:attachment":[{"href":"https:\/\/autostil.ba\/maloprodaja\/wp-json\/wp\/v2\/media?parent=126862"}],"wp:term":[{"taxonomy":"product_brand","embeddable":true,"href":"https:\/\/autostil.ba\/maloprodaja\/wp-json\/wp\/v2\/product_brand?post=126862"},{"taxonomy":"product_cat","embeddable":true,"href":"https:\/\/autostil.ba\/maloprodaja\/wp-json\/wp\/v2\/product_cat?post=126862"},{"taxonomy":"product_tag","embeddable":true,"href":"https:\/\/autostil.ba\/maloprodaja\/wp-json\/wp\/v2\/product_tag?post=126862"}],"curies":[{"name":"wp","href":"https:\/\/api.w.org\/{rel}","templated":true}]}}