{"id":126492,"date":"2024-07-18T08:21:13","date_gmt":"2024-07-18T06:21:13","guid":{"rendered":"https:\/\/autostil.ba\/maloprodaja\/?post_type=product&#038;p=126492"},"modified":"2026-04-08T11:53:13","modified_gmt":"2026-04-08T09:53:13","slug":"krovni-nosac-hyundai-ix35-2009-2015-sa-aluminijumskim-sipkama-za-odvojene-rejlove","status":"publish","type":"product","link":"https:\/\/autostil.ba\/maloprodaja\/proizvod\/10673\/krovni-nosac-hyundai-ix35-2009-2015-sa-aluminijumskim-sipkama-za-odvojene-rejlove\/","title":{"rendered":"KROVNI NOSA\u010c HYUNDAI IX35 2009-2015 SA ALUMINIJUMSKIM \u0160IPKAMA (ZA ODVOJENE REJLOVE)"},"content":{"rendered":"","protected":false},"excerpt":{"rendered":"<p>Krovni nosa\u010di za uzdu\u017ene odvojene rejlove, aluminijumski, sa bravicom du\u017eina \u0161ipki 125cm.<\/p>\n","protected":false},"featured_media":126493,"comment_status":"open","ping_status":"closed","template":"","meta":{"_acf_changed":false,"inline_featured_image":false},"product_brand":[],"product_cat":[134],"product_tag":[],"class_list":{"0":"post-126492","1":"product","2":"type-product","3":"status-publish","4":"has-post-thumbnail","6":"product_cat-krovni-nosaci-tipski","7":"pa_brend-hyundai","9":"first","10":"instock","11":"taxable","12":"shipping-taxable","13":"purchasable","14":"product-type-simple"},"acf":[],"custom_product_id":"10673","_links":{"self":[{"href":"https:\/\/autostil.ba\/maloprodaja\/wp-json\/wp\/v2\/product\/126492","targetHints":{"allow":["GET"]}}],"collection":[{"href":"https:\/\/autostil.ba\/maloprodaja\/wp-json\/wp\/v2\/product"}],"about":[{"href":"https:\/\/autostil.ba\/maloprodaja\/wp-json\/wp\/v2\/types\/product"}],"replies":[{"embeddable":true,"href":"https:\/\/autostil.ba\/maloprodaja\/wp-json\/wp\/v2\/comments?post=126492"}],"version-history":[{"count":1,"href":"https:\/\/autostil.ba\/maloprodaja\/wp-json\/wp\/v2\/product\/126492\/revisions"}],"predecessor-version":[{"id":126494,"href":"https:\/\/autostil.ba\/maloprodaja\/wp-json\/wp\/v2\/product\/126492\/revisions\/126494"}],"wp:featuredmedia":[{"embeddable":true,"href":"https:\/\/autostil.ba\/maloprodaja\/wp-json\/wp\/v2\/media\/126493"}],"wp:attachment":[{"href":"https:\/\/autostil.ba\/maloprodaja\/wp-json\/wp\/v2\/media?parent=126492"}],"wp:term":[{"taxonomy":"product_brand","embeddable":true,"href":"https:\/\/autostil.ba\/maloprodaja\/wp-json\/wp\/v2\/product_brand?post=126492"},{"taxonomy":"product_cat","embeddable":true,"href":"https:\/\/autostil.ba\/maloprodaja\/wp-json\/wp\/v2\/product_cat?post=126492"},{"taxonomy":"product_tag","embeddable":true,"href":"https:\/\/autostil.ba\/maloprodaja\/wp-json\/wp\/v2\/product_tag?post=126492"}],"curies":[{"name":"wp","href":"https:\/\/api.w.org\/{rel}","templated":true}]}}