{"id":126322,"date":"2024-07-18T08:21:04","date_gmt":"2024-07-18T08:21:04","guid":{"rendered":"https:\/\/autostil.ba\/maloprodaja\/?post_type=product&#038;p=126322"},"modified":"2026-04-08T11:53:02","modified_gmt":"2026-04-08T09:53:02","slug":"krovni-nosac-toyota-land-cruiser-j100-j200-1998-2021-sa-aluminijumskim-sipkama-za-odvojene-rejlove","status":"publish","type":"product","link":"https:\/\/autostil.ba\/maloprodaja\/proizvod\/9782\/krovni-nosac-toyota-land-cruiser-j100-j200-1998-2021-sa-aluminijumskim-sipkama-za-odvojene-rejlove\/","title":{"rendered":"KROVNI NOSA\u010c TOYOTA LAND CRUISER J100\/J200 1998-2021 SA ALUMINIJUMSKIM \u0160IPKAMA (ZA ODVOJENE REJLOVE)"},"content":{"rendered":"","protected":false},"excerpt":{"rendered":"<p>Krovni nosa\u010di za uzdu\u017ene odvojene rejlove, aluminijumski, sa bravicom. Du\u017eina \u0161ipki 135cm.<\/p>\n","protected":false},"featured_media":126323,"comment_status":"open","ping_status":"closed","template":"","meta":{"_acf_changed":false,"inline_featured_image":false},"product_brand":[],"product_cat":[134],"product_tag":[],"class_list":{"0":"post-126322","1":"product","2":"type-product","3":"status-publish","4":"has-post-thumbnail","6":"product_cat-krovni-nosaci-tipski","7":"pa_brend-toyota","9":"first","10":"instock","11":"taxable","12":"shipping-taxable","13":"purchasable","14":"product-type-simple"},"acf":[],"custom_product_id":"9782","_links":{"self":[{"href":"https:\/\/autostil.ba\/maloprodaja\/wp-json\/wp\/v2\/product\/126322","targetHints":{"allow":["GET"]}}],"collection":[{"href":"https:\/\/autostil.ba\/maloprodaja\/wp-json\/wp\/v2\/product"}],"about":[{"href":"https:\/\/autostil.ba\/maloprodaja\/wp-json\/wp\/v2\/types\/product"}],"replies":[{"embeddable":true,"href":"https:\/\/autostil.ba\/maloprodaja\/wp-json\/wp\/v2\/comments?post=126322"}],"version-history":[{"count":1,"href":"https:\/\/autostil.ba\/maloprodaja\/wp-json\/wp\/v2\/product\/126322\/revisions"}],"predecessor-version":[{"id":126324,"href":"https:\/\/autostil.ba\/maloprodaja\/wp-json\/wp\/v2\/product\/126322\/revisions\/126324"}],"wp:featuredmedia":[{"embeddable":true,"href":"https:\/\/autostil.ba\/maloprodaja\/wp-json\/wp\/v2\/media\/126323"}],"wp:attachment":[{"href":"https:\/\/autostil.ba\/maloprodaja\/wp-json\/wp\/v2\/media?parent=126322"}],"wp:term":[{"taxonomy":"product_brand","embeddable":true,"href":"https:\/\/autostil.ba\/maloprodaja\/wp-json\/wp\/v2\/product_brand?post=126322"},{"taxonomy":"product_cat","embeddable":true,"href":"https:\/\/autostil.ba\/maloprodaja\/wp-json\/wp\/v2\/product_cat?post=126322"},{"taxonomy":"product_tag","embeddable":true,"href":"https:\/\/autostil.ba\/maloprodaja\/wp-json\/wp\/v2\/product_tag?post=126322"}],"curies":[{"name":"wp","href":"https:\/\/api.w.org\/{rel}","templated":true}]}}