{"id":125432,"date":"2024-07-18T08:20:24","date_gmt":"2024-07-18T06:20:24","guid":{"rendered":"https:\/\/autostil.ba\/maloprodaja\/?post_type=product&#038;p=125432"},"modified":"2026-04-08T11:52:15","modified_gmt":"2026-04-08T09:52:15","slug":"auto-presvlake-univerzalne-velur-12","status":"publish","type":"product","link":"https:\/\/autostil.ba\/maloprodaja\/proizvod\/397\/auto-presvlake-univerzalne-velur-12\/","title":{"rendered":"AUTO PRESVLAKE UNIVERZALNE VELUR 1+2"},"content":{"rendered":"","protected":false},"excerpt":{"rendered":"<p>SLIKA JE SIMBOLI\u010cNA !!  <\/p>\n<p>NAMJENJENE SU PRETE\u017dNO ZA TERETNA KOMBI VOZILA KOJA IMAJU ZASEBNO VOZA\u010cEVO SJEDI\u0160TE I DVA SPOJENA SUVOZA\u010cEVA SJEDI\u0160TA.<\/p>\n","protected":false},"featured_media":125433,"comment_status":"open","ping_status":"closed","template":"","meta":{"_acf_changed":false,"inline_featured_image":false},"product_brand":[],"product_cat":[35],"product_tag":[],"class_list":{"0":"post-125432","1":"product","2":"type-product","3":"status-publish","4":"has-post-thumbnail","6":"product_cat-auto-presvlake","8":"first","9":"instock","10":"taxable","11":"shipping-taxable","12":"purchasable","13":"product-type-simple"},"acf":[],"custom_product_id":"397","_links":{"self":[{"href":"https:\/\/autostil.ba\/maloprodaja\/wp-json\/wp\/v2\/product\/125432","targetHints":{"allow":["GET"]}}],"collection":[{"href":"https:\/\/autostil.ba\/maloprodaja\/wp-json\/wp\/v2\/product"}],"about":[{"href":"https:\/\/autostil.ba\/maloprodaja\/wp-json\/wp\/v2\/types\/product"}],"replies":[{"embeddable":true,"href":"https:\/\/autostil.ba\/maloprodaja\/wp-json\/wp\/v2\/comments?post=125432"}],"version-history":[{"count":1,"href":"https:\/\/autostil.ba\/maloprodaja\/wp-json\/wp\/v2\/product\/125432\/revisions"}],"predecessor-version":[{"id":125434,"href":"https:\/\/autostil.ba\/maloprodaja\/wp-json\/wp\/v2\/product\/125432\/revisions\/125434"}],"wp:featuredmedia":[{"embeddable":true,"href":"https:\/\/autostil.ba\/maloprodaja\/wp-json\/wp\/v2\/media\/125433"}],"wp:attachment":[{"href":"https:\/\/autostil.ba\/maloprodaja\/wp-json\/wp\/v2\/media?parent=125432"}],"wp:term":[{"taxonomy":"product_brand","embeddable":true,"href":"https:\/\/autostil.ba\/maloprodaja\/wp-json\/wp\/v2\/product_brand?post=125432"},{"taxonomy":"product_cat","embeddable":true,"href":"https:\/\/autostil.ba\/maloprodaja\/wp-json\/wp\/v2\/product_cat?post=125432"},{"taxonomy":"product_tag","embeddable":true,"href":"https:\/\/autostil.ba\/maloprodaja\/wp-json\/wp\/v2\/product_tag?post=125432"}],"curies":[{"name":"wp","href":"https:\/\/api.w.org\/{rel}","templated":true}]}}