{"id":125312,"date":"2026-04-27T13:35:19","date_gmt":"2026-04-27T11:35:19","guid":{"rendered":"https:\/\/autostil.ba\/maloprodaja\/?post_type=product&#038;p=125312"},"modified":"2026-04-28T15:58:51","modified_gmt":"2026-04-28T13:58:51","slug":"frescura-crnilo-za-gume-koncentrat-glicerin-3kg","status":"publish","type":"product","link":"https:\/\/autostil.ba\/maloprodaja\/proizvod\/3421\/frescura-crnilo-za-gume-koncentrat-glicerin-3kg\/","title":{"rendered":"FRESCURA CRNILO ZA GUME KONCENTRAT GLICERIN 3kg."},"content":{"rendered":"","protected":false},"excerpt":{"rendered":"<p>FRESCURA CRNILO ZA GUME KONCENTRAT GLICERIN 3kg. O\u017eivljava i vra\u0107a gumama originalnu meko\u0107u. Dugotrajan sjajan i neljepljivi efekat.<\/p>\n","protected":false},"featured_media":125313,"comment_status":"open","ping_status":"closed","template":"","meta":{"_acf_changed":false,"inline_featured_image":false},"product_brand":[],"product_cat":[73],"product_tag":[],"class_list":{"0":"post-125312","1":"product","2":"type-product","3":"status-publish","4":"has-post-thumbnail","6":"product_cat-sredstva-za-pranje-i-odrzavanje","8":"first","9":"instock","10":"taxable","11":"shipping-taxable","12":"purchasable","13":"product-type-simple"},"acf":[],"custom_product_id":"3421","_links":{"self":[{"href":"https:\/\/autostil.ba\/maloprodaja\/wp-json\/wp\/v2\/product\/125312","targetHints":{"allow":["GET"]}}],"collection":[{"href":"https:\/\/autostil.ba\/maloprodaja\/wp-json\/wp\/v2\/product"}],"about":[{"href":"https:\/\/autostil.ba\/maloprodaja\/wp-json\/wp\/v2\/types\/product"}],"replies":[{"embeddable":true,"href":"https:\/\/autostil.ba\/maloprodaja\/wp-json\/wp\/v2\/comments?post=125312"}],"version-history":[{"count":1,"href":"https:\/\/autostil.ba\/maloprodaja\/wp-json\/wp\/v2\/product\/125312\/revisions"}],"predecessor-version":[{"id":125314,"href":"https:\/\/autostil.ba\/maloprodaja\/wp-json\/wp\/v2\/product\/125312\/revisions\/125314"}],"wp:featuredmedia":[{"embeddable":true,"href":"https:\/\/autostil.ba\/maloprodaja\/wp-json\/wp\/v2\/media\/125313"}],"wp:attachment":[{"href":"https:\/\/autostil.ba\/maloprodaja\/wp-json\/wp\/v2\/media?parent=125312"}],"wp:term":[{"taxonomy":"product_brand","embeddable":true,"href":"https:\/\/autostil.ba\/maloprodaja\/wp-json\/wp\/v2\/product_brand?post=125312"},{"taxonomy":"product_cat","embeddable":true,"href":"https:\/\/autostil.ba\/maloprodaja\/wp-json\/wp\/v2\/product_cat?post=125312"},{"taxonomy":"product_tag","embeddable":true,"href":"https:\/\/autostil.ba\/maloprodaja\/wp-json\/wp\/v2\/product_tag?post=125312"}],"curies":[{"name":"wp","href":"https:\/\/api.w.org\/{rel}","templated":true}]}}