{"id":125172,"date":"2024-10-30T10:10:12","date_gmt":"2024-10-30T08:10:12","guid":{"rendered":"https:\/\/autostil.ba\/maloprodaja\/?post_type=product&#038;p=125172"},"modified":"2026-04-08T11:52:03","modified_gmt":"2026-04-08T09:52:03","slug":"oklop-za-kljuc-mercedes-3-tipke-s30","status":"publish","type":"product","link":"https:\/\/autostil.ba\/maloprodaja\/proizvod\/7015\/oklop-za-kljuc-mercedes-3-tipke-s30\/","title":{"rendered":"OKLOP ZA KLJU\u010c MERCEDES 3 TIPKE S30"},"content":{"rendered":"","protected":false},"excerpt":{"rendered":"<p>OKLOP ZA KLJU\u010c MERCEDES 3 TIPKE S30 Plasti\u010dno ku\u0107i\u0161te, oklop za auto klju\u010d. Tri tastera, veoma laka zamjena.<\/p>\n","protected":false},"featured_media":125173,"comment_status":"open","ping_status":"closed","template":"","meta":{"_acf_changed":false,"inline_featured_image":false},"product_brand":[],"product_cat":[159],"product_tag":[],"class_list":{"0":"post-125172","1":"product","2":"type-product","3":"status-publish","4":"has-post-thumbnail","6":"product_cat-oklopi-za-kljuceve","7":"pa_brend-mercedes","9":"first","10":"instock","11":"taxable","12":"shipping-taxable","13":"purchasable","14":"product-type-simple"},"acf":[],"custom_product_id":"7015","_links":{"self":[{"href":"https:\/\/autostil.ba\/maloprodaja\/wp-json\/wp\/v2\/product\/125172","targetHints":{"allow":["GET"]}}],"collection":[{"href":"https:\/\/autostil.ba\/maloprodaja\/wp-json\/wp\/v2\/product"}],"about":[{"href":"https:\/\/autostil.ba\/maloprodaja\/wp-json\/wp\/v2\/types\/product"}],"replies":[{"embeddable":true,"href":"https:\/\/autostil.ba\/maloprodaja\/wp-json\/wp\/v2\/comments?post=125172"}],"version-history":[{"count":1,"href":"https:\/\/autostil.ba\/maloprodaja\/wp-json\/wp\/v2\/product\/125172\/revisions"}],"predecessor-version":[{"id":125174,"href":"https:\/\/autostil.ba\/maloprodaja\/wp-json\/wp\/v2\/product\/125172\/revisions\/125174"}],"wp:featuredmedia":[{"embeddable":true,"href":"https:\/\/autostil.ba\/maloprodaja\/wp-json\/wp\/v2\/media\/125173"}],"wp:attachment":[{"href":"https:\/\/autostil.ba\/maloprodaja\/wp-json\/wp\/v2\/media?parent=125172"}],"wp:term":[{"taxonomy":"product_brand","embeddable":true,"href":"https:\/\/autostil.ba\/maloprodaja\/wp-json\/wp\/v2\/product_brand?post=125172"},{"taxonomy":"product_cat","embeddable":true,"href":"https:\/\/autostil.ba\/maloprodaja\/wp-json\/wp\/v2\/product_cat?post=125172"},{"taxonomy":"product_tag","embeddable":true,"href":"https:\/\/autostil.ba\/maloprodaja\/wp-json\/wp\/v2\/product_tag?post=125172"}],"curies":[{"name":"wp","href":"https:\/\/api.w.org\/{rel}","templated":true}]}}