{"id":125152,"date":"2024-07-18T08:20:11","date_gmt":"2024-07-18T08:20:11","guid":{"rendered":"https:\/\/autostil.ba\/maloprodaja\/?post_type=product&#038;p=125152"},"modified":"2026-04-08T11:51:58","modified_gmt":"2026-04-08T09:51:58","slug":"oklop-za-kljuc-opel-2-tipke-model-s09","status":"publish","type":"product","link":"https:\/\/autostil.ba\/maloprodaja\/proizvod\/4941\/oklop-za-kljuc-opel-2-tipke-model-s09\/","title":{"rendered":"OKLOP ZA KLJU\u010c OPEL, 2 TIPKE, MODEL S09"},"content":{"rendered":"","protected":false},"excerpt":{"rendered":"<p>OKLOP ZA KLJU\u010c OPEL, 2 TIPKE, MODEL S09 Plasti\u010dno ku\u0107i\u0161te, oklop za auto klju\u010d. Dva  tastera, veoma laka zamjena. Ku\u0107i\u0161te ide sa nenarezanim ma\u010dem.<\/p>\n","protected":false},"featured_media":125153,"comment_status":"open","ping_status":"closed","template":"","meta":{"_acf_changed":false,"inline_featured_image":false},"product_brand":[],"product_cat":[159],"product_tag":[],"class_list":{"0":"post-125152","1":"product","2":"type-product","3":"status-publish","4":"has-post-thumbnail","6":"product_cat-oklopi-za-kljuceve","7":"pa_brend-opel","9":"first","10":"instock","11":"taxable","12":"shipping-taxable","13":"purchasable","14":"product-type-simple"},"acf":[],"custom_product_id":"4941","_links":{"self":[{"href":"https:\/\/autostil.ba\/maloprodaja\/wp-json\/wp\/v2\/product\/125152","targetHints":{"allow":["GET"]}}],"collection":[{"href":"https:\/\/autostil.ba\/maloprodaja\/wp-json\/wp\/v2\/product"}],"about":[{"href":"https:\/\/autostil.ba\/maloprodaja\/wp-json\/wp\/v2\/types\/product"}],"replies":[{"embeddable":true,"href":"https:\/\/autostil.ba\/maloprodaja\/wp-json\/wp\/v2\/comments?post=125152"}],"version-history":[{"count":1,"href":"https:\/\/autostil.ba\/maloprodaja\/wp-json\/wp\/v2\/product\/125152\/revisions"}],"predecessor-version":[{"id":125154,"href":"https:\/\/autostil.ba\/maloprodaja\/wp-json\/wp\/v2\/product\/125152\/revisions\/125154"}],"wp:featuredmedia":[{"embeddable":true,"href":"https:\/\/autostil.ba\/maloprodaja\/wp-json\/wp\/v2\/media\/125153"}],"wp:attachment":[{"href":"https:\/\/autostil.ba\/maloprodaja\/wp-json\/wp\/v2\/media?parent=125152"}],"wp:term":[{"taxonomy":"product_brand","embeddable":true,"href":"https:\/\/autostil.ba\/maloprodaja\/wp-json\/wp\/v2\/product_brand?post=125152"},{"taxonomy":"product_cat","embeddable":true,"href":"https:\/\/autostil.ba\/maloprodaja\/wp-json\/wp\/v2\/product_cat?post=125152"},{"taxonomy":"product_tag","embeddable":true,"href":"https:\/\/autostil.ba\/maloprodaja\/wp-json\/wp\/v2\/product_tag?post=125152"}],"curies":[{"name":"wp","href":"https:\/\/api.w.org\/{rel}","templated":true}]}}