{"id":125112,"date":"2024-10-30T10:15:09","date_gmt":"2024-10-30T08:15:09","guid":{"rendered":"https:\/\/autostil.ba\/maloprodaja\/?post_type=product&#038;p=125112"},"modified":"2026-04-08T11:51:58","modified_gmt":"2026-04-08T09:51:58","slug":"oklop-za-kljuc-renault-2-tipke-s11no","status":"publish","type":"product","link":"https:\/\/autostil.ba\/maloprodaja\/proizvod\/7008\/oklop-za-kljuc-renault-2-tipke-s11no\/","title":{"rendered":"OKLOP ZA KLJU\u010c RENAULT 2 TIPKE S11NO"},"content":{"rendered":"","protected":false},"excerpt":{"rendered":"<p>OKLOP ZA KLJU\u010c RENAULT 2 TIPKE S11NO Plasti\u010dno ku\u0107i\u0161te, oklop za auto klju\u010d. Dva tastera, veoma laka zamjena.<\/p>\n","protected":false},"featured_media":793046361,"comment_status":"open","ping_status":"closed","template":"","meta":{"_acf_changed":false,"inline_featured_image":false},"product_brand":[],"product_cat":[159],"product_tag":[],"class_list":{"0":"post-125112","1":"product","2":"type-product","3":"status-publish","4":"has-post-thumbnail","6":"product_cat-oklopi-za-kljuceve","7":"pa_brend-renault","9":"first","10":"instock","11":"taxable","12":"shipping-taxable","13":"purchasable","14":"product-type-simple"},"acf":[],"custom_product_id":"7008","_links":{"self":[{"href":"https:\/\/autostil.ba\/maloprodaja\/wp-json\/wp\/v2\/product\/125112","targetHints":{"allow":["GET"]}}],"collection":[{"href":"https:\/\/autostil.ba\/maloprodaja\/wp-json\/wp\/v2\/product"}],"about":[{"href":"https:\/\/autostil.ba\/maloprodaja\/wp-json\/wp\/v2\/types\/product"}],"replies":[{"embeddable":true,"href":"https:\/\/autostil.ba\/maloprodaja\/wp-json\/wp\/v2\/comments?post=125112"}],"version-history":[{"count":1,"href":"https:\/\/autostil.ba\/maloprodaja\/wp-json\/wp\/v2\/product\/125112\/revisions"}],"predecessor-version":[{"id":125114,"href":"https:\/\/autostil.ba\/maloprodaja\/wp-json\/wp\/v2\/product\/125112\/revisions\/125114"}],"wp:featuredmedia":[{"embeddable":true,"href":"https:\/\/autostil.ba\/maloprodaja\/wp-json\/wp\/v2\/media\/793046361"}],"wp:attachment":[{"href":"https:\/\/autostil.ba\/maloprodaja\/wp-json\/wp\/v2\/media?parent=125112"}],"wp:term":[{"taxonomy":"product_brand","embeddable":true,"href":"https:\/\/autostil.ba\/maloprodaja\/wp-json\/wp\/v2\/product_brand?post=125112"},{"taxonomy":"product_cat","embeddable":true,"href":"https:\/\/autostil.ba\/maloprodaja\/wp-json\/wp\/v2\/product_cat?post=125112"},{"taxonomy":"product_tag","embeddable":true,"href":"https:\/\/autostil.ba\/maloprodaja\/wp-json\/wp\/v2\/product_tag?post=125112"}],"curies":[{"name":"wp","href":"https:\/\/api.w.org\/{rel}","templated":true}]}}