{"id":125032,"date":"2024-07-18T08:20:05","date_gmt":"2024-07-18T06:20:05","guid":{"rendered":"https:\/\/autostil.ba\/maloprodaja\/?post_type=product&#038;p=125032"},"modified":"2026-04-08T11:51:52","modified_gmt":"2026-04-08T09:51:52","slug":"ratkape-sa-znakom-12-model-50","status":"publish","type":"product","link":"https:\/\/autostil.ba\/maloprodaja\/proizvod\/3047\/ratkape-sa-znakom-12-model-50\/","title":{"rendered":"RATKAPE SA ZNAKOM 12 MODEL 50 (SET)"},"content":{"rendered":"","protected":false},"excerpt":{"rendered":"<p>Ratkape sa znakom su izra\u0111ene od plastike najvi\u0161eg kvaliteta, otporne na mehani\u010dka o\u0161te\u0107enja i o\u0161te\u0107enja nastala uslijed vremenskih neprilika. Modernog su izgleda i estetski dizajnirane da se uklapaju sa linijom automobila.<\/p>\n<p><strong>NAGLA\u0160ENA CIJENA JE ZA SET OD 4 KOMADA !!<\/strong><\/p>\n","protected":false},"featured_media":125033,"comment_status":"open","ping_status":"closed","template":"","meta":{"_acf_changed":false,"inline_featured_image":false},"product_brand":[],"product_cat":[62],"product_tag":[],"class_list":{"0":"post-125032","1":"product","2":"type-product","3":"status-publish","4":"has-post-thumbnail","6":"product_cat-ratkape-sa-znakom","7":"pa_velicina-262","9":"first","10":"instock","11":"taxable","12":"shipping-taxable","13":"purchasable","14":"product-type-simple"},"acf":[],"custom_product_id":"3047","_links":{"self":[{"href":"https:\/\/autostil.ba\/maloprodaja\/wp-json\/wp\/v2\/product\/125032","targetHints":{"allow":["GET"]}}],"collection":[{"href":"https:\/\/autostil.ba\/maloprodaja\/wp-json\/wp\/v2\/product"}],"about":[{"href":"https:\/\/autostil.ba\/maloprodaja\/wp-json\/wp\/v2\/types\/product"}],"replies":[{"embeddable":true,"href":"https:\/\/autostil.ba\/maloprodaja\/wp-json\/wp\/v2\/comments?post=125032"}],"version-history":[{"count":2,"href":"https:\/\/autostil.ba\/maloprodaja\/wp-json\/wp\/v2\/product\/125032\/revisions"}],"predecessor-version":[{"id":793053237,"href":"https:\/\/autostil.ba\/maloprodaja\/wp-json\/wp\/v2\/product\/125032\/revisions\/793053237"}],"wp:featuredmedia":[{"embeddable":true,"href":"https:\/\/autostil.ba\/maloprodaja\/wp-json\/wp\/v2\/media\/125033"}],"wp:attachment":[{"href":"https:\/\/autostil.ba\/maloprodaja\/wp-json\/wp\/v2\/media?parent=125032"}],"wp:term":[{"taxonomy":"product_brand","embeddable":true,"href":"https:\/\/autostil.ba\/maloprodaja\/wp-json\/wp\/v2\/product_brand?post=125032"},{"taxonomy":"product_cat","embeddable":true,"href":"https:\/\/autostil.ba\/maloprodaja\/wp-json\/wp\/v2\/product_cat?post=125032"},{"taxonomy":"product_tag","embeddable":true,"href":"https:\/\/autostil.ba\/maloprodaja\/wp-json\/wp\/v2\/product_tag?post=125032"}],"curies":[{"name":"wp","href":"https:\/\/api.w.org\/{rel}","templated":true}]}}