{"id":124852,"date":"2025-08-20T13:58:56","date_gmt":"2025-08-20T11:58:56","guid":{"rendered":"https:\/\/autostil.ba\/maloprodaja\/?post_type=product&#038;p=124852"},"modified":"2026-04-28T19:58:50","modified_gmt":"2026-04-28T17:58:50","slug":"ratkape-sa-znakom-14-model-213","status":"publish","type":"product","link":"https:\/\/autostil.ba\/maloprodaja\/proizvod\/5296\/ratkape-sa-znakom-14-model-213\/","title":{"rendered":"RATKAPE SA ZNAKOM 14 MODEL 213 (SET)"},"content":{"rendered":"","protected":false},"excerpt":{"rendered":"<p>Ratkape sa znakom su izra\u0111ene od plastike najvi\u0161eg kvaliteta, otporne na mehani\u010dka o\u0161te\u0107enja i o\u0161te\u0107enja nastala uslijed vremenskih neprilika. Modernog su izgleda i estetski dizajnirane da se uklapaju sa linijom automobila.<\/p>\n<p><strong>NAGLA\u0160ENA CIJENA JE ZA SET OD 4 KOMADA !!<\/strong><\/p>\n","protected":false},"featured_media":793047644,"comment_status":"open","ping_status":"closed","template":"","meta":{"_acf_changed":false,"inline_featured_image":false},"product_brand":[],"product_cat":[62],"product_tag":[],"class_list":{"0":"post-124852","1":"product","2":"type-product","3":"status-publish","4":"has-post-thumbnail","6":"product_cat-ratkape-sa-znakom","7":"pa_velicina-228","9":"first","10":"instock","11":"taxable","12":"shipping-taxable","13":"purchasable","14":"product-type-simple"},"acf":[],"custom_product_id":"5296","_links":{"self":[{"href":"https:\/\/autostil.ba\/maloprodaja\/wp-json\/wp\/v2\/product\/124852","targetHints":{"allow":["GET"]}}],"collection":[{"href":"https:\/\/autostil.ba\/maloprodaja\/wp-json\/wp\/v2\/product"}],"about":[{"href":"https:\/\/autostil.ba\/maloprodaja\/wp-json\/wp\/v2\/types\/product"}],"replies":[{"embeddable":true,"href":"https:\/\/autostil.ba\/maloprodaja\/wp-json\/wp\/v2\/comments?post=124852"}],"version-history":[{"count":2,"href":"https:\/\/autostil.ba\/maloprodaja\/wp-json\/wp\/v2\/product\/124852\/revisions"}],"predecessor-version":[{"id":793053248,"href":"https:\/\/autostil.ba\/maloprodaja\/wp-json\/wp\/v2\/product\/124852\/revisions\/793053248"}],"wp:featuredmedia":[{"embeddable":true,"href":"https:\/\/autostil.ba\/maloprodaja\/wp-json\/wp\/v2\/media\/793047644"}],"wp:attachment":[{"href":"https:\/\/autostil.ba\/maloprodaja\/wp-json\/wp\/v2\/media?parent=124852"}],"wp:term":[{"taxonomy":"product_brand","embeddable":true,"href":"https:\/\/autostil.ba\/maloprodaja\/wp-json\/wp\/v2\/product_brand?post=124852"},{"taxonomy":"product_cat","embeddable":true,"href":"https:\/\/autostil.ba\/maloprodaja\/wp-json\/wp\/v2\/product_cat?post=124852"},{"taxonomy":"product_tag","embeddable":true,"href":"https:\/\/autostil.ba\/maloprodaja\/wp-json\/wp\/v2\/product_tag?post=124852"}],"curies":[{"name":"wp","href":"https:\/\/api.w.org\/{rel}","templated":true}]}}