{"id":124762,"date":"2026-02-10T13:01:51","date_gmt":"2026-02-10T11:01:51","guid":{"rendered":"https:\/\/autostil.ba\/maloprodaja\/?post_type=product&#038;p=124762"},"modified":"2026-04-09T12:00:05","modified_gmt":"2026-04-09T10:00:05","slug":"ratkape-sa-znakom-14-model-223","status":"publish","type":"product","link":"https:\/\/autostil.ba\/maloprodaja\/proizvod\/4293\/ratkape-sa-znakom-14-model-223\/","title":{"rendered":"RATKAPE SA ZNAKOM 14 MODEL 223 (SET)"},"content":{"rendered":"","protected":false},"excerpt":{"rendered":"<p>Ratkape sa znakom su izra\u0111ene od plastike najvi\u0161eg kvaliteta, otporne na mehani\u010dka o\u0161te\u0107enja i o\u0161te\u0107enja nastala uslijed vremenskih neprilika. Modernog su izgleda i estetski dizajnirane da se uklapaju sa linijom automobila.<\/p>\n<p><strong>NAGLA\u0160ENA CIJENA JE ZA SET OD 4 KOMADA !!<\/strong><\/p>\n","protected":false},"featured_media":793047635,"comment_status":"open","ping_status":"closed","template":"","meta":{"_acf_changed":false,"inline_featured_image":false},"product_brand":[],"product_cat":[62],"product_tag":[],"class_list":{"0":"post-124762","1":"product","2":"type-product","3":"status-publish","4":"has-post-thumbnail","6":"product_cat-ratkape-sa-znakom","7":"pa_velicina-228","9":"first","10":"instock","11":"taxable","12":"shipping-taxable","13":"purchasable","14":"product-type-simple"},"acf":[],"custom_product_id":"4293","_links":{"self":[{"href":"https:\/\/autostil.ba\/maloprodaja\/wp-json\/wp\/v2\/product\/124762","targetHints":{"allow":["GET"]}}],"collection":[{"href":"https:\/\/autostil.ba\/maloprodaja\/wp-json\/wp\/v2\/product"}],"about":[{"href":"https:\/\/autostil.ba\/maloprodaja\/wp-json\/wp\/v2\/types\/product"}],"replies":[{"embeddable":true,"href":"https:\/\/autostil.ba\/maloprodaja\/wp-json\/wp\/v2\/comments?post=124762"}],"version-history":[{"count":2,"href":"https:\/\/autostil.ba\/maloprodaja\/wp-json\/wp\/v2\/product\/124762\/revisions"}],"predecessor-version":[{"id":793053242,"href":"https:\/\/autostil.ba\/maloprodaja\/wp-json\/wp\/v2\/product\/124762\/revisions\/793053242"}],"wp:featuredmedia":[{"embeddable":true,"href":"https:\/\/autostil.ba\/maloprodaja\/wp-json\/wp\/v2\/media\/793047635"}],"wp:attachment":[{"href":"https:\/\/autostil.ba\/maloprodaja\/wp-json\/wp\/v2\/media?parent=124762"}],"wp:term":[{"taxonomy":"product_brand","embeddable":true,"href":"https:\/\/autostil.ba\/maloprodaja\/wp-json\/wp\/v2\/product_brand?post=124762"},{"taxonomy":"product_cat","embeddable":true,"href":"https:\/\/autostil.ba\/maloprodaja\/wp-json\/wp\/v2\/product_cat?post=124762"},{"taxonomy":"product_tag","embeddable":true,"href":"https:\/\/autostil.ba\/maloprodaja\/wp-json\/wp\/v2\/product_tag?post=124762"}],"curies":[{"name":"wp","href":"https:\/\/api.w.org\/{rel}","templated":true}]}}