{"id":124162,"date":"2024-10-30T15:41:24","date_gmt":"2024-10-30T13:41:24","guid":{"rendered":"https:\/\/autostil.ba\/maloprodaja\/?post_type=product&#038;p=124162"},"modified":"2026-04-08T11:51:05","modified_gmt":"2026-04-08T09:51:05","slug":"rucka-mjenjaca-asy-toyota-corola-verso-5-brzina","status":"publish","type":"product","link":"https:\/\/autostil.ba\/maloprodaja\/proizvod\/4901\/rucka-mjenjaca-asy-toyota-corola-verso-5-brzina\/","title":{"rendered":"RU\u010cKA MJENJA\u010cA ASY TOYOTA COROLA VERSO 5 BRZINA"},"content":{"rendered":"","protected":false},"excerpt":{"rendered":"<p>RU\u010cKA MJENJA\u010cA TOYOTA COROLA VERSO 5 BRZINA<\/p>\n","protected":false},"featured_media":793045025,"comment_status":"open","ping_status":"closed","template":"","meta":{"_acf_changed":false,"inline_featured_image":false},"product_brand":[],"product_cat":[899],"product_tag":[],"class_list":{"0":"post-124162","1":"product","2":"type-product","3":"status-publish","4":"has-post-thumbnail","6":"product_cat-rucice-mjenjaca","7":"pa_brend-toyota","9":"first","10":"instock","11":"taxable","12":"shipping-taxable","13":"purchasable","14":"product-type-simple"},"acf":[],"custom_product_id":"4901","_links":{"self":[{"href":"https:\/\/autostil.ba\/maloprodaja\/wp-json\/wp\/v2\/product\/124162","targetHints":{"allow":["GET"]}}],"collection":[{"href":"https:\/\/autostil.ba\/maloprodaja\/wp-json\/wp\/v2\/product"}],"about":[{"href":"https:\/\/autostil.ba\/maloprodaja\/wp-json\/wp\/v2\/types\/product"}],"replies":[{"embeddable":true,"href":"https:\/\/autostil.ba\/maloprodaja\/wp-json\/wp\/v2\/comments?post=124162"}],"version-history":[{"count":1,"href":"https:\/\/autostil.ba\/maloprodaja\/wp-json\/wp\/v2\/product\/124162\/revisions"}],"predecessor-version":[{"id":124164,"href":"https:\/\/autostil.ba\/maloprodaja\/wp-json\/wp\/v2\/product\/124162\/revisions\/124164"}],"wp:featuredmedia":[{"embeddable":true,"href":"https:\/\/autostil.ba\/maloprodaja\/wp-json\/wp\/v2\/media\/793045025"}],"wp:attachment":[{"href":"https:\/\/autostil.ba\/maloprodaja\/wp-json\/wp\/v2\/media?parent=124162"}],"wp:term":[{"taxonomy":"product_brand","embeddable":true,"href":"https:\/\/autostil.ba\/maloprodaja\/wp-json\/wp\/v2\/product_brand?post=124162"},{"taxonomy":"product_cat","embeddable":true,"href":"https:\/\/autostil.ba\/maloprodaja\/wp-json\/wp\/v2\/product_cat?post=124162"},{"taxonomy":"product_tag","embeddable":true,"href":"https:\/\/autostil.ba\/maloprodaja\/wp-json\/wp\/v2\/product_tag?post=124162"}],"curies":[{"name":"wp","href":"https:\/\/api.w.org\/{rel}","templated":true}]}}