{"id":124142,"date":"2025-03-28T12:38:23","date_gmt":"2025-03-28T10:38:23","guid":{"rendered":"https:\/\/autostil.ba\/maloprodaja\/?post_type=product&#038;p=124142"},"modified":"2026-04-08T11:50:58","modified_gmt":"2026-04-08T09:50:58","slug":"rucka-mjenjaca-sa-kozom-asy-skoda-fabia-ii-2007-2014-5-brzina","status":"publish","type":"product","link":"https:\/\/autostil.ba\/maloprodaja\/proizvod\/4891\/rucka-mjenjaca-sa-kozom-asy-skoda-fabia-ii-2007-2014-5-brzina\/","title":{"rendered":"RU\u010cKA MJENJA\u010cA SA KO\u017dOM ASY \u0160KODA FABIA 2 2007-2014 (5 BRZINA)"},"content":{"rendered":"","protected":false},"excerpt":{"rendered":"<p>RU\u010cKA MJENJA\u010cA SA KO\u017dOM ASY \u0160KODA FABIA 2 2007-2014 (5 BRZINA)<\/p>\n","protected":false},"featured_media":124143,"comment_status":"open","ping_status":"closed","template":"","meta":{"_acf_changed":false,"inline_featured_image":false},"product_brand":[],"product_cat":[900],"product_tag":[],"class_list":{"0":"post-124142","1":"product","2":"type-product","3":"status-publish","4":"has-post-thumbnail","6":"product_cat-rucice-mjenjaca-sa-kozom","7":"pa_brend-skoda","9":"first","10":"instock","11":"taxable","12":"shipping-taxable","13":"purchasable","14":"product-type-simple"},"acf":[],"custom_product_id":"4891","_links":{"self":[{"href":"https:\/\/autostil.ba\/maloprodaja\/wp-json\/wp\/v2\/product\/124142","targetHints":{"allow":["GET"]}}],"collection":[{"href":"https:\/\/autostil.ba\/maloprodaja\/wp-json\/wp\/v2\/product"}],"about":[{"href":"https:\/\/autostil.ba\/maloprodaja\/wp-json\/wp\/v2\/types\/product"}],"replies":[{"embeddable":true,"href":"https:\/\/autostil.ba\/maloprodaja\/wp-json\/wp\/v2\/comments?post=124142"}],"version-history":[{"count":2,"href":"https:\/\/autostil.ba\/maloprodaja\/wp-json\/wp\/v2\/product\/124142\/revisions"}],"predecessor-version":[{"id":793050223,"href":"https:\/\/autostil.ba\/maloprodaja\/wp-json\/wp\/v2\/product\/124142\/revisions\/793050223"}],"wp:featuredmedia":[{"embeddable":true,"href":"https:\/\/autostil.ba\/maloprodaja\/wp-json\/wp\/v2\/media\/124143"}],"wp:attachment":[{"href":"https:\/\/autostil.ba\/maloprodaja\/wp-json\/wp\/v2\/media?parent=124142"}],"wp:term":[{"taxonomy":"product_brand","embeddable":true,"href":"https:\/\/autostil.ba\/maloprodaja\/wp-json\/wp\/v2\/product_brand?post=124142"},{"taxonomy":"product_cat","embeddable":true,"href":"https:\/\/autostil.ba\/maloprodaja\/wp-json\/wp\/v2\/product_cat?post=124142"},{"taxonomy":"product_tag","embeddable":true,"href":"https:\/\/autostil.ba\/maloprodaja\/wp-json\/wp\/v2\/product_tag?post=124142"}],"curies":[{"name":"wp","href":"https:\/\/api.w.org\/{rel}","templated":true}]}}