{"id":123922,"date":"2024-07-18T08:19:13","date_gmt":"2024-07-18T08:19:13","guid":{"rendered":"https:\/\/autostil.ba\/maloprodaja\/?post_type=product&#038;p=123922"},"modified":"2026-04-08T11:50:47","modified_gmt":"2026-04-08T09:50:47","slug":"taxi-tabla-svijetleca","status":"publish","type":"product","link":"https:\/\/autostil.ba\/maloprodaja\/proizvod\/9563\/taxi-tabla-svijetleca\/","title":{"rendered":"TAXI TABLA SVIJETLE\u0106A"},"content":{"rendered":"","protected":false},"excerpt":{"rendered":"<p>TAXI TABLA SVIJETLE\u0106A; DIMENZIJE: Du\u017eina 29cm, \u0160irina 11cm, Visina 10,5cm. Fiksiranje na magnet.<\/p>\n","protected":false},"featured_media":123923,"comment_status":"open","ping_status":"closed","template":"","meta":{"_acf_changed":false,"inline_featured_image":false},"product_brand":[],"product_cat":[27],"product_tag":[],"class_list":{"0":"post-123922","1":"product","2":"type-product","3":"status-publish","4":"has-post-thumbnail","6":"product_cat-oznake-natpisi-i-amblemi","8":"first","9":"instock","10":"taxable","11":"shipping-taxable","12":"purchasable","13":"product-type-simple"},"acf":[],"custom_product_id":"9563","_links":{"self":[{"href":"https:\/\/autostil.ba\/maloprodaja\/wp-json\/wp\/v2\/product\/123922","targetHints":{"allow":["GET"]}}],"collection":[{"href":"https:\/\/autostil.ba\/maloprodaja\/wp-json\/wp\/v2\/product"}],"about":[{"href":"https:\/\/autostil.ba\/maloprodaja\/wp-json\/wp\/v2\/types\/product"}],"replies":[{"embeddable":true,"href":"https:\/\/autostil.ba\/maloprodaja\/wp-json\/wp\/v2\/comments?post=123922"}],"version-history":[{"count":1,"href":"https:\/\/autostil.ba\/maloprodaja\/wp-json\/wp\/v2\/product\/123922\/revisions"}],"predecessor-version":[{"id":123924,"href":"https:\/\/autostil.ba\/maloprodaja\/wp-json\/wp\/v2\/product\/123922\/revisions\/123924"}],"wp:featuredmedia":[{"embeddable":true,"href":"https:\/\/autostil.ba\/maloprodaja\/wp-json\/wp\/v2\/media\/123923"}],"wp:attachment":[{"href":"https:\/\/autostil.ba\/maloprodaja\/wp-json\/wp\/v2\/media?parent=123922"}],"wp:term":[{"taxonomy":"product_brand","embeddable":true,"href":"https:\/\/autostil.ba\/maloprodaja\/wp-json\/wp\/v2\/product_brand?post=123922"},{"taxonomy":"product_cat","embeddable":true,"href":"https:\/\/autostil.ba\/maloprodaja\/wp-json\/wp\/v2\/product_cat?post=123922"},{"taxonomy":"product_tag","embeddable":true,"href":"https:\/\/autostil.ba\/maloprodaja\/wp-json\/wp\/v2\/product_tag?post=123922"}],"curies":[{"name":"wp","href":"https:\/\/api.w.org\/{rel}","templated":true}]}}