{"id":123702,"date":"2025-09-04T11:27:01","date_gmt":"2025-09-04T09:27:01","guid":{"rendered":"https:\/\/autostil.ba\/maloprodaja\/?post_type=product&#038;p=123702"},"modified":"2026-04-08T11:50:35","modified_gmt":"2026-04-08T09:50:35","slug":"felga-aluminijumska-ford-15x6-5-p5714","status":"publish","type":"product","link":"https:\/\/autostil.ba\/maloprodaja\/proizvod\/9952\/felga-aluminijumska-ford-15x6-5-p5714\/","title":{"rendered":"FELGA ALUMINIJUMSKA FORD 15X6.5 P5714"},"content":{"rendered":"","protected":false},"excerpt":{"rendered":"<p>FELGA ALUMINIJUMSKA FORD 15X6.5 P5714 : Veli\u010dina felge: 15 inch; \u0160irina felge: 6.5 jota; Raspon rupa: 4&#215;108; Pre\u010dnik centralne rupe: 65.1 mm; ET: 25<\/p>\n","protected":false},"featured_media":123703,"comment_status":"open","ping_status":"closed","template":"","meta":{"_acf_changed":false,"inline_featured_image":false},"product_brand":[],"product_cat":[163],"product_tag":[],"class_list":{"0":"post-123702","1":"product","2":"type-product","3":"status-publish","4":"has-post-thumbnail","6":"product_cat-aluminijske-felge","7":"pa_brend-ford","8":"pa_velicina-63","10":"first","11":"instock","12":"taxable","13":"shipping-taxable","14":"purchasable","15":"product-type-simple"},"acf":[],"custom_product_id":"9952","_links":{"self":[{"href":"https:\/\/autostil.ba\/maloprodaja\/wp-json\/wp\/v2\/product\/123702","targetHints":{"allow":["GET"]}}],"collection":[{"href":"https:\/\/autostil.ba\/maloprodaja\/wp-json\/wp\/v2\/product"}],"about":[{"href":"https:\/\/autostil.ba\/maloprodaja\/wp-json\/wp\/v2\/types\/product"}],"replies":[{"embeddable":true,"href":"https:\/\/autostil.ba\/maloprodaja\/wp-json\/wp\/v2\/comments?post=123702"}],"version-history":[{"count":1,"href":"https:\/\/autostil.ba\/maloprodaja\/wp-json\/wp\/v2\/product\/123702\/revisions"}],"predecessor-version":[{"id":123704,"href":"https:\/\/autostil.ba\/maloprodaja\/wp-json\/wp\/v2\/product\/123702\/revisions\/123704"}],"wp:featuredmedia":[{"embeddable":true,"href":"https:\/\/autostil.ba\/maloprodaja\/wp-json\/wp\/v2\/media\/123703"}],"wp:attachment":[{"href":"https:\/\/autostil.ba\/maloprodaja\/wp-json\/wp\/v2\/media?parent=123702"}],"wp:term":[{"taxonomy":"product_brand","embeddable":true,"href":"https:\/\/autostil.ba\/maloprodaja\/wp-json\/wp\/v2\/product_brand?post=123702"},{"taxonomy":"product_cat","embeddable":true,"href":"https:\/\/autostil.ba\/maloprodaja\/wp-json\/wp\/v2\/product_cat?post=123702"},{"taxonomy":"product_tag","embeddable":true,"href":"https:\/\/autostil.ba\/maloprodaja\/wp-json\/wp\/v2\/product_tag?post=123702"}],"curies":[{"name":"wp","href":"https:\/\/api.w.org\/{rel}","templated":true}]}}