{"id":123532,"date":"2025-03-26T14:43:51","date_gmt":"2025-03-26T12:43:51","guid":{"rendered":"https:\/\/autostil.ba\/maloprodaja\/?post_type=product&#038;p=123532"},"modified":"2026-04-13T16:01:59","modified_gmt":"2026-04-13T14:01:59","slug":"felga-aluminijumska-vw-17x7-0-p5804","status":"publish","type":"product","link":"https:\/\/autostil.ba\/maloprodaja\/proizvod\/9950\/felga-aluminijumska-vw-17x7-0-p5804\/","title":{"rendered":"FELGA ALUMINIJUMSKA VW 17X7.0 P5804"},"content":{"rendered":"","protected":false},"excerpt":{"rendered":"<p>FELGA ALUMINIJUMSKA VW 17X7.0 P5804 : Veli\u010dina felge: 17 inch; \u0160irina felge: 7.0 J; Raspon rupa: 5&#215;100 ; Pre\u010dnik centralne rupe: 57.1 mm; ET: 46<\/p>\n","protected":false},"featured_media":123533,"comment_status":"open","ping_status":"closed","template":"","meta":{"_acf_changed":false,"inline_featured_image":false},"product_brand":[],"product_cat":[163],"product_tag":[],"class_list":{"0":"post-123532","1":"product","2":"type-product","3":"status-publish","4":"has-post-thumbnail","6":"product_cat-aluminijske-felge","7":"pa_brend-volkswagen","8":"pa_velicina-256","10":"first","11":"instock","12":"taxable","13":"shipping-taxable","14":"purchasable","15":"product-type-simple"},"acf":[],"custom_product_id":"9950","_links":{"self":[{"href":"https:\/\/autostil.ba\/maloprodaja\/wp-json\/wp\/v2\/product\/123532","targetHints":{"allow":["GET"]}}],"collection":[{"href":"https:\/\/autostil.ba\/maloprodaja\/wp-json\/wp\/v2\/product"}],"about":[{"href":"https:\/\/autostil.ba\/maloprodaja\/wp-json\/wp\/v2\/types\/product"}],"replies":[{"embeddable":true,"href":"https:\/\/autostil.ba\/maloprodaja\/wp-json\/wp\/v2\/comments?post=123532"}],"version-history":[{"count":1,"href":"https:\/\/autostil.ba\/maloprodaja\/wp-json\/wp\/v2\/product\/123532\/revisions"}],"predecessor-version":[{"id":123534,"href":"https:\/\/autostil.ba\/maloprodaja\/wp-json\/wp\/v2\/product\/123532\/revisions\/123534"}],"wp:featuredmedia":[{"embeddable":true,"href":"https:\/\/autostil.ba\/maloprodaja\/wp-json\/wp\/v2\/media\/123533"}],"wp:attachment":[{"href":"https:\/\/autostil.ba\/maloprodaja\/wp-json\/wp\/v2\/media?parent=123532"}],"wp:term":[{"taxonomy":"product_brand","embeddable":true,"href":"https:\/\/autostil.ba\/maloprodaja\/wp-json\/wp\/v2\/product_brand?post=123532"},{"taxonomy":"product_cat","embeddable":true,"href":"https:\/\/autostil.ba\/maloprodaja\/wp-json\/wp\/v2\/product_cat?post=123532"},{"taxonomy":"product_tag","embeddable":true,"href":"https:\/\/autostil.ba\/maloprodaja\/wp-json\/wp\/v2\/product_tag?post=123532"}],"curies":[{"name":"wp","href":"https:\/\/api.w.org\/{rel}","templated":true}]}}