{"id":123192,"date":"2025-02-10T09:58:33","date_gmt":"2025-02-10T07:58:33","guid":{"rendered":"https:\/\/autostil.ba\/maloprodaja\/?post_type=product&#038;p=123192"},"modified":"2026-04-08T11:50:12","modified_gmt":"2026-04-08T09:50:12","slug":"fluorescentni-prsluk-zeleni-autosystem-en-iso204712013a12016","status":"publish","type":"product","link":"https:\/\/autostil.ba\/maloprodaja\/proizvod\/10353\/fluorescentni-prsluk-zeleni-autosystem-en-iso204712013a12016\/","title":{"rendered":"FLUORESCENTNI PRSLUK ZELENI AUTOSYSTEM (EN ISO20471:2013+A1:2016)"},"content":{"rendered":"","protected":false},"excerpt":{"rendered":"<p>Fluorescentni reflektuju\u0107i prsluk-opis<br \/>\n-boja zelena<br \/>\n-matrijal 100% poliester 120g\/m2<br \/>\n-reflektuju\u0107e trake \u0161irine 5cm visoke vidljivosti<br \/>\n-lako periv, mekan i prozra\u010dan<br \/>\n-zadovoljava stadarde kvaliteta EN ISO 20471:2013+A1:2016<br \/>\n-veli\u010dina XL (visina \u010dovjeka 164-194 cm, obim grudnog ko\u0161a 96-128cm).<\/p>\n","protected":false},"featured_media":123193,"comment_status":"open","ping_status":"closed","template":"","meta":{"_acf_changed":false,"inline_featured_image":false},"product_brand":[],"product_cat":[152],"product_tag":[],"class_list":{"0":"post-123192","1":"product","2":"type-product","3":"status-publish","4":"has-post-thumbnail","6":"product_cat-obavezna-oprema-za-vozila","8":"first","9":"instock","10":"taxable","11":"shipping-taxable","12":"purchasable","13":"product-type-simple"},"acf":[],"custom_product_id":"10353","_links":{"self":[{"href":"https:\/\/autostil.ba\/maloprodaja\/wp-json\/wp\/v2\/product\/123192","targetHints":{"allow":["GET"]}}],"collection":[{"href":"https:\/\/autostil.ba\/maloprodaja\/wp-json\/wp\/v2\/product"}],"about":[{"href":"https:\/\/autostil.ba\/maloprodaja\/wp-json\/wp\/v2\/types\/product"}],"replies":[{"embeddable":true,"href":"https:\/\/autostil.ba\/maloprodaja\/wp-json\/wp\/v2\/comments?post=123192"}],"version-history":[{"count":1,"href":"https:\/\/autostil.ba\/maloprodaja\/wp-json\/wp\/v2\/product\/123192\/revisions"}],"predecessor-version":[{"id":123194,"href":"https:\/\/autostil.ba\/maloprodaja\/wp-json\/wp\/v2\/product\/123192\/revisions\/123194"}],"wp:featuredmedia":[{"embeddable":true,"href":"https:\/\/autostil.ba\/maloprodaja\/wp-json\/wp\/v2\/media\/123193"}],"wp:attachment":[{"href":"https:\/\/autostil.ba\/maloprodaja\/wp-json\/wp\/v2\/media?parent=123192"}],"wp:term":[{"taxonomy":"product_brand","embeddable":true,"href":"https:\/\/autostil.ba\/maloprodaja\/wp-json\/wp\/v2\/product_brand?post=123192"},{"taxonomy":"product_cat","embeddable":true,"href":"https:\/\/autostil.ba\/maloprodaja\/wp-json\/wp\/v2\/product_cat?post=123192"},{"taxonomy":"product_tag","embeddable":true,"href":"https:\/\/autostil.ba\/maloprodaja\/wp-json\/wp\/v2\/product_tag?post=123192"}],"curies":[{"name":"wp","href":"https:\/\/api.w.org\/{rel}","templated":true}]}}