{"id":123152,"date":"2024-12-04T10:05:30","date_gmt":"2024-12-04T08:05:30","guid":{"rendered":"https:\/\/autostil.ba\/maloprodaja\/?post_type=product&#038;p=123152"},"modified":"2026-04-08T11:50:11","modified_gmt":"2026-04-08T09:50:11","slug":"zastita-od-snijega-i-leda-za-prednju-sajbu-sa-vanjske-strane-150x70cm-autosystem","status":"publish","type":"product","link":"https:\/\/autostil.ba\/maloprodaja\/proizvod\/11657\/zastita-od-snijega-i-leda-za-prednju-sajbu-sa-vanjske-strane-150x70cm-autosystem\/","title":{"rendered":"ZA\u0160TITA OD SNIJEGA I LEDA ZA PREDNJU \u0160AJBU (sa vanjske strane) 150x70cm AUTOSYSTEM"},"content":{"rendered":"","protected":false},"excerpt":{"rendered":"<p>Odli\u010dna za\u0161tita od UV zraka -Idealno za prednje i zadnje vjetrobransko staklo automobila -Lako se instalira -Omogu\u0107ava za\u0161titu od mraza i leda zimi i poma\u017ee u odr\u017eavanju va\u0161eg vozila hladnim tokom ljeta -Za\u0161tita vjetrobrana tokom cijele sezone -Lako se \u010disti -dimenije 200x75cm (150+25+25&#215;70)<\/p>\n","protected":false},"featured_media":123153,"comment_status":"open","ping_status":"closed","template":"","meta":{"_acf_changed":false,"inline_featured_image":false},"product_brand":[],"product_cat":[91,146],"product_tag":[],"class_list":{"0":"post-123152","1":"product","2":"type-product","3":"status-publish","4":"has-post-thumbnail","6":"product_cat-sredstva-za-zastitu-od-sunca","7":"product_cat-zastite-za-vjetrobransko-staklo","9":"first","10":"instock","11":"taxable","12":"shipping-taxable","13":"purchasable","14":"product-type-simple"},"acf":[],"custom_product_id":"11657","_links":{"self":[{"href":"https:\/\/autostil.ba\/maloprodaja\/wp-json\/wp\/v2\/product\/123152","targetHints":{"allow":["GET"]}}],"collection":[{"href":"https:\/\/autostil.ba\/maloprodaja\/wp-json\/wp\/v2\/product"}],"about":[{"href":"https:\/\/autostil.ba\/maloprodaja\/wp-json\/wp\/v2\/types\/product"}],"replies":[{"embeddable":true,"href":"https:\/\/autostil.ba\/maloprodaja\/wp-json\/wp\/v2\/comments?post=123152"}],"version-history":[{"count":1,"href":"https:\/\/autostil.ba\/maloprodaja\/wp-json\/wp\/v2\/product\/123152\/revisions"}],"predecessor-version":[{"id":123154,"href":"https:\/\/autostil.ba\/maloprodaja\/wp-json\/wp\/v2\/product\/123152\/revisions\/123154"}],"wp:featuredmedia":[{"embeddable":true,"href":"https:\/\/autostil.ba\/maloprodaja\/wp-json\/wp\/v2\/media\/123153"}],"wp:attachment":[{"href":"https:\/\/autostil.ba\/maloprodaja\/wp-json\/wp\/v2\/media?parent=123152"}],"wp:term":[{"taxonomy":"product_brand","embeddable":true,"href":"https:\/\/autostil.ba\/maloprodaja\/wp-json\/wp\/v2\/product_brand?post=123152"},{"taxonomy":"product_cat","embeddable":true,"href":"https:\/\/autostil.ba\/maloprodaja\/wp-json\/wp\/v2\/product_cat?post=123152"},{"taxonomy":"product_tag","embeddable":true,"href":"https:\/\/autostil.ba\/maloprodaja\/wp-json\/wp\/v2\/product_tag?post=123152"}],"curies":[{"name":"wp","href":"https:\/\/api.w.org\/{rel}","templated":true}]}}