{"id":123132,"date":"2025-03-31T15:30:30","date_gmt":"2025-03-31T13:30:30","guid":{"rendered":"https:\/\/autostil.ba\/maloprodaja\/?post_type=product&#038;p=123132"},"modified":"2026-04-08T11:50:11","modified_gmt":"2026-04-08T09:50:11","slug":"zastita-od-sunca-za-prednju-sajbu-145x70cm-autosystem","status":"publish","type":"product","link":"https:\/\/autostil.ba\/maloprodaja\/proizvod\/10356\/zastita-od-sunca-za-prednju-sajbu-145x70cm-autosystem\/","title":{"rendered":"ZA\u0160TITA OD SUNCA ZA PREDNJU \u0160AJBU 145x70cm AUTOSYSTEM"},"content":{"rendered":"","protected":false},"excerpt":{"rendered":"<p>Odli\u010dna za\u0161tita od sun\u010devih UV zraka -Idealno za prednje i zadnje vjetrobransko staklo -Lako se instalira sa unutra\u0161nje strane vjertobrankog stakla -dimenzije 145x70cm<\/p>\n","protected":false},"featured_media":123133,"comment_status":"open","ping_status":"closed","template":"","meta":{"_acf_changed":false,"inline_featured_image":false},"product_brand":[],"product_cat":[91],"product_tag":[],"class_list":{"0":"post-123132","1":"product","2":"type-product","3":"status-publish","4":"has-post-thumbnail","6":"product_cat-sredstva-za-zastitu-od-sunca","8":"first","9":"instock","10":"taxable","11":"shipping-taxable","12":"purchasable","13":"product-type-simple"},"acf":[],"custom_product_id":"10356","_links":{"self":[{"href":"https:\/\/autostil.ba\/maloprodaja\/wp-json\/wp\/v2\/product\/123132","targetHints":{"allow":["GET"]}}],"collection":[{"href":"https:\/\/autostil.ba\/maloprodaja\/wp-json\/wp\/v2\/product"}],"about":[{"href":"https:\/\/autostil.ba\/maloprodaja\/wp-json\/wp\/v2\/types\/product"}],"replies":[{"embeddable":true,"href":"https:\/\/autostil.ba\/maloprodaja\/wp-json\/wp\/v2\/comments?post=123132"}],"version-history":[{"count":1,"href":"https:\/\/autostil.ba\/maloprodaja\/wp-json\/wp\/v2\/product\/123132\/revisions"}],"predecessor-version":[{"id":123134,"href":"https:\/\/autostil.ba\/maloprodaja\/wp-json\/wp\/v2\/product\/123132\/revisions\/123134"}],"wp:featuredmedia":[{"embeddable":true,"href":"https:\/\/autostil.ba\/maloprodaja\/wp-json\/wp\/v2\/media\/123133"}],"wp:attachment":[{"href":"https:\/\/autostil.ba\/maloprodaja\/wp-json\/wp\/v2\/media?parent=123132"}],"wp:term":[{"taxonomy":"product_brand","embeddable":true,"href":"https:\/\/autostil.ba\/maloprodaja\/wp-json\/wp\/v2\/product_brand?post=123132"},{"taxonomy":"product_cat","embeddable":true,"href":"https:\/\/autostil.ba\/maloprodaja\/wp-json\/wp\/v2\/product_cat?post=123132"},{"taxonomy":"product_tag","embeddable":true,"href":"https:\/\/autostil.ba\/maloprodaja\/wp-json\/wp\/v2\/product_tag?post=123132"}],"curies":[{"name":"wp","href":"https:\/\/api.w.org\/{rel}","templated":true}]}}