{"id":123022,"date":"2024-12-04T10:47:22","date_gmt":"2024-12-04T08:47:22","guid":{"rendered":"https:\/\/autostil.ba\/maloprodaja\/?post_type=product&#038;p=123022"},"modified":"2026-04-08T11:50:05","modified_gmt":"2026-04-08T09:50:05","slug":"sijalice-cree-led-hng-12v-df8-h7-6500k-canbus","status":"publish","type":"product","link":"https:\/\/autostil.ba\/maloprodaja\/proizvod\/10336\/sijalice-cree-led-hng-12v-df8-h7-6500k-canbus\/","title":{"rendered":"SIJALICE CREE LED HNG 12V DF8-H7 6500K CANBUS"},"content":{"rendered":"","protected":false},"excerpt":{"rendered":"<p>Realni lumen: 2500lm Stvarna snaga: 27W Temperatura boje: 6500K Ulazni napon: DC9-36v \u017divotni vijek: &gt;30000 sati Tip LED: CSP Vodootporni Indeks: IP68 Stil: Sve-u-jednom tip, Eksterni pogon, sa ventilatorom.Posjeduje poni\u0161tava\u010d gre\u0161ke (canbus).<\/p>\n","protected":false},"featured_media":123023,"comment_status":"open","ping_status":"closed","template":"","meta":{"_acf_changed":false,"inline_featured_image":false},"product_brand":[],"product_cat":[90],"product_tag":[],"class_list":{"0":"post-123022","1":"product","2":"type-product","3":"status-publish","4":"has-post-thumbnail","6":"product_cat-sijalice-led-diode","8":"first","9":"instock","10":"taxable","11":"shipping-taxable","12":"purchasable","13":"product-type-simple"},"acf":[],"custom_product_id":"10336","_links":{"self":[{"href":"https:\/\/autostil.ba\/maloprodaja\/wp-json\/wp\/v2\/product\/123022","targetHints":{"allow":["GET"]}}],"collection":[{"href":"https:\/\/autostil.ba\/maloprodaja\/wp-json\/wp\/v2\/product"}],"about":[{"href":"https:\/\/autostil.ba\/maloprodaja\/wp-json\/wp\/v2\/types\/product"}],"replies":[{"embeddable":true,"href":"https:\/\/autostil.ba\/maloprodaja\/wp-json\/wp\/v2\/comments?post=123022"}],"version-history":[{"count":1,"href":"https:\/\/autostil.ba\/maloprodaja\/wp-json\/wp\/v2\/product\/123022\/revisions"}],"predecessor-version":[{"id":123024,"href":"https:\/\/autostil.ba\/maloprodaja\/wp-json\/wp\/v2\/product\/123022\/revisions\/123024"}],"wp:featuredmedia":[{"embeddable":true,"href":"https:\/\/autostil.ba\/maloprodaja\/wp-json\/wp\/v2\/media\/123023"}],"wp:attachment":[{"href":"https:\/\/autostil.ba\/maloprodaja\/wp-json\/wp\/v2\/media?parent=123022"}],"wp:term":[{"taxonomy":"product_brand","embeddable":true,"href":"https:\/\/autostil.ba\/maloprodaja\/wp-json\/wp\/v2\/product_brand?post=123022"},{"taxonomy":"product_cat","embeddable":true,"href":"https:\/\/autostil.ba\/maloprodaja\/wp-json\/wp\/v2\/product_cat?post=123022"},{"taxonomy":"product_tag","embeddable":true,"href":"https:\/\/autostil.ba\/maloprodaja\/wp-json\/wp\/v2\/product_tag?post=123022"}],"curies":[{"name":"wp","href":"https:\/\/api.w.org\/{rel}","templated":true}]}}