{"id":122872,"date":"2024-07-18T08:18:13","date_gmt":"2024-07-18T06:18:13","guid":{"rendered":"https:\/\/autostil.ba\/maloprodaja\/?post_type=product&#038;p=122872"},"modified":"2026-04-08T11:49:54","modified_gmt":"2026-04-08T09:49:54","slug":"felga-aluminijumska-vw-15x6-5-p481","status":"publish","type":"product","link":"https:\/\/autostil.ba\/maloprodaja\/proizvod\/10725\/felga-aluminijumska-vw-15x6-5-p481\/","title":{"rendered":"FELGA ALUMINIJUMSKA VW 15X6.5 P481"},"content":{"rendered":"","protected":false},"excerpt":{"rendered":"<p>FELGA ALUMINIJUMSKA VW 15X6.5 P481 : Veli\u010dina felge: 15 inch; \u0160irina felge: 6,5 J; Raspon rupa: 5&#215;112; Pre\u010dnik centralne rupe: 57,1 mm; ET: 35<\/p>\n","protected":false},"featured_media":122873,"comment_status":"open","ping_status":"closed","template":"","meta":{"_acf_changed":false,"inline_featured_image":false},"product_brand":[],"product_cat":[163],"product_tag":[],"class_list":{"0":"post-122872","1":"product","2":"type-product","3":"status-publish","4":"has-post-thumbnail","6":"product_cat-aluminijske-felge","7":"pa_brend-volkswagen","8":"pa_velicina-63","10":"first","11":"instock","12":"taxable","13":"shipping-taxable","14":"purchasable","15":"product-type-simple"},"acf":[],"custom_product_id":"10725","_links":{"self":[{"href":"https:\/\/autostil.ba\/maloprodaja\/wp-json\/wp\/v2\/product\/122872","targetHints":{"allow":["GET"]}}],"collection":[{"href":"https:\/\/autostil.ba\/maloprodaja\/wp-json\/wp\/v2\/product"}],"about":[{"href":"https:\/\/autostil.ba\/maloprodaja\/wp-json\/wp\/v2\/types\/product"}],"replies":[{"embeddable":true,"href":"https:\/\/autostil.ba\/maloprodaja\/wp-json\/wp\/v2\/comments?post=122872"}],"version-history":[{"count":1,"href":"https:\/\/autostil.ba\/maloprodaja\/wp-json\/wp\/v2\/product\/122872\/revisions"}],"predecessor-version":[{"id":122874,"href":"https:\/\/autostil.ba\/maloprodaja\/wp-json\/wp\/v2\/product\/122872\/revisions\/122874"}],"wp:featuredmedia":[{"embeddable":true,"href":"https:\/\/autostil.ba\/maloprodaja\/wp-json\/wp\/v2\/media\/122873"}],"wp:attachment":[{"href":"https:\/\/autostil.ba\/maloprodaja\/wp-json\/wp\/v2\/media?parent=122872"}],"wp:term":[{"taxonomy":"product_brand","embeddable":true,"href":"https:\/\/autostil.ba\/maloprodaja\/wp-json\/wp\/v2\/product_brand?post=122872"},{"taxonomy":"product_cat","embeddable":true,"href":"https:\/\/autostil.ba\/maloprodaja\/wp-json\/wp\/v2\/product_cat?post=122872"},{"taxonomy":"product_tag","embeddable":true,"href":"https:\/\/autostil.ba\/maloprodaja\/wp-json\/wp\/v2\/product_tag?post=122872"}],"curies":[{"name":"wp","href":"https:\/\/api.w.org\/{rel}","templated":true}]}}