{"id":122522,"date":"2025-09-04T10:54:53","date_gmt":"2025-09-04T08:54:53","guid":{"rendered":"https:\/\/autostil.ba\/maloprodaja\/?post_type=product&#038;p=122522"},"modified":"2026-04-08T11:49:37","modified_gmt":"2026-04-08T09:49:37","slug":"felga-aluminijumska-honda-16x6-5-p5372","status":"publish","type":"product","link":"https:\/\/autostil.ba\/maloprodaja\/proizvod\/11516\/felga-aluminijumska-honda-16x6-5-p5372\/","title":{"rendered":"FELGA ALUMINIJUMSKA HONDA 16X6.5 P5372"},"content":{"rendered":"","protected":false},"excerpt":{"rendered":"<p>FELGA ALUMINIJUMSKA HONDA 16X6.5 P5372 : Veli\u010dina felge: 16 inch; \u0160irina felge: 6.5 jota; Raspon rupa: 5&#215;114.3; Pre\u010dnik centralne rupe: 73,1 mm; ET: 40<br \/>\nKOMPATIBILNO ZA MODELE:Honda Accord<br \/>\nHonda Accord Crosstour<br \/>\nHonda Accord Euro<br \/>\nHonda Avancier<br \/>\nHonda BR-V<br \/>\nHonda Civic<br \/>\nHonda Civic 5d<br \/>\nHonda Civic Type R<br \/>\nHonda Clarity<br \/>\nHonda CR-V<br \/>\nHonda CR-Z<br \/>\nHonda Crider<br \/>\nHonda Crossroad<br \/>\nHonda Crosstour<br \/>\nHonda Edix<br \/>\nHonda Element<br \/>\nHonda Elysion<br \/>\nHonda Elysion Prestige<br \/>\nHonda FCX Clarity<br \/>\nHonda FR-V<br \/>\nHonda Freed<br \/>\nHonda Freed+<br \/>\nHonda HR-V<br \/>\nHonda Insight<br \/>\nHonda Inspire<br \/>\nHonda Integra<br \/>\nHonda Jade<br \/>\nHonda Lagreat<br \/>\nHonda Legend<br \/>\nHonda MDX<br \/>\nHonda NSX<br \/>\nHonda Odyssey<br \/>\nHonda Odyssey J<br \/>\nHonda Odyssey Prestige<br \/>\nHonda Orthia<br \/>\nHonda Pilot<br \/>\nHonda Prelude<br \/>\nHonda S-MX<br \/>\nHonda S2000<br \/>\nHonda Saber<br \/>\nHonda Shuttle<br \/>\nHonda Spirior<br \/>\nHonda Stepwgn<br \/>\nHonda Stepwgn Spada<br \/>\nHonda Stream<br \/>\nHonda Torneo<br \/>\nHonda UR-V<br \/>\nHonda Vezel<br \/>\nHonda XR-V<br \/>\nHonda Z<\/p>\n","protected":false},"featured_media":793047232,"comment_status":"open","ping_status":"closed","template":"","meta":{"_acf_changed":false,"inline_featured_image":false},"product_brand":[],"product_cat":[163],"product_tag":[],"class_list":{"0":"post-122522","1":"product","2":"type-product","3":"status-publish","4":"has-post-thumbnail","6":"product_cat-aluminijske-felge","7":"pa_brend-honda","8":"pa_velicina-236","10":"first","11":"instock","12":"taxable","13":"shipping-taxable","14":"purchasable","15":"product-type-simple"},"acf":[],"custom_product_id":"11516","_links":{"self":[{"href":"https:\/\/autostil.ba\/maloprodaja\/wp-json\/wp\/v2\/product\/122522","targetHints":{"allow":["GET"]}}],"collection":[{"href":"https:\/\/autostil.ba\/maloprodaja\/wp-json\/wp\/v2\/product"}],"about":[{"href":"https:\/\/autostil.ba\/maloprodaja\/wp-json\/wp\/v2\/types\/product"}],"replies":[{"embeddable":true,"href":"https:\/\/autostil.ba\/maloprodaja\/wp-json\/wp\/v2\/comments?post=122522"}],"version-history":[{"count":1,"href":"https:\/\/autostil.ba\/maloprodaja\/wp-json\/wp\/v2\/product\/122522\/revisions"}],"predecessor-version":[{"id":122524,"href":"https:\/\/autostil.ba\/maloprodaja\/wp-json\/wp\/v2\/product\/122522\/revisions\/122524"}],"wp:featuredmedia":[{"embeddable":true,"href":"https:\/\/autostil.ba\/maloprodaja\/wp-json\/wp\/v2\/media\/793047232"}],"wp:attachment":[{"href":"https:\/\/autostil.ba\/maloprodaja\/wp-json\/wp\/v2\/media?parent=122522"}],"wp:term":[{"taxonomy":"product_brand","embeddable":true,"href":"https:\/\/autostil.ba\/maloprodaja\/wp-json\/wp\/v2\/product_brand?post=122522"},{"taxonomy":"product_cat","embeddable":true,"href":"https:\/\/autostil.ba\/maloprodaja\/wp-json\/wp\/v2\/product_cat?post=122522"},{"taxonomy":"product_tag","embeddable":true,"href":"https:\/\/autostil.ba\/maloprodaja\/wp-json\/wp\/v2\/product_tag?post=122522"}],"curies":[{"name":"wp","href":"https:\/\/api.w.org\/{rel}","templated":true}]}}