{"id":122512,"date":"2025-09-04T10:53:53","date_gmt":"2025-09-04T08:53:53","guid":{"rendered":"https:\/\/autostil.ba\/maloprodaja\/?post_type=product&#038;p=122512"},"modified":"2026-04-08T11:49:37","modified_gmt":"2026-04-08T09:49:37","slug":"felga-aluminijumska-hyundai-16x6-5-p5372","status":"publish","type":"product","link":"https:\/\/autostil.ba\/maloprodaja\/proizvod\/11515\/felga-aluminijumska-hyundai-16x6-5-p5372\/","title":{"rendered":"FELGA ALUMINIJUMSKA HYUNDAI 16X6.5 P5372"},"content":{"rendered":"","protected":false},"excerpt":{"rendered":"<p>FELGA ALUMINIJUMSKA HYUNDAI 16X6.5 P5372 : Veli\u010dina felge: 16 inch; \u0160irina felge: 6.5 jota; Raspon rupa: 5&#215;114.3; Pre\u010dnik centralne rupe: 73,1 mm; ET: 40<br \/>\nKOMPATIBILNO ZA MODELE:Hyundai Aslan<br \/>\nHyundai Avante<br \/>\nHyundai Azera<br \/>\nHyundai Celesta<br \/>\nHyundai Centennial<br \/>\nHyundai Coupe<br \/>\nHyundai Creta<br \/>\nHyundai Dynasty<br \/>\nHyundai Elantra<br \/>\nHyundai Elantra EV<br \/>\nHyundai Elantra GT<br \/>\nHyundai Elantra Langdong<br \/>\nHyundai Elantra Lingdong<br \/>\nHyundai Elantra Yuedong<br \/>\nHyundai Encino<br \/>\nHyundai Equus<br \/>\nHyundai Genesis<br \/>\nHyundai Genesis Coupe<br \/>\nHyundai Grand Santa Fe<br \/>\nHyundai Grandeur<br \/>\nHyundai H-1<br \/>\nHyundai i30<br \/>\nHyundai i30 N<br \/>\nHyundai i40<br \/>\nHyundai i45<br \/>\nHyundai Ioniq<br \/>\nHyundai ix20<br \/>\nHyundai ix25<br \/>\nHyundai ix35<br \/>\nHyundai ix55<br \/>\nHyundai Kauai<br \/>\nHyundai Kona<br \/>\nHyundai Lafesta<br \/>\nHyundai Maxcruz<br \/>\nHyundai Mistra<br \/>\nHyundai Nexo<br \/>\nHyundai Palisade<br \/>\nHyundai Santa Fe<br \/>\nHyundai Santa Fe Sport<br \/>\nHyundai Santa Fe XL<br \/>\nHyundai Sonata<br \/>\nHyundai Sonata Hybrid<br \/>\nHyundai Sonata NF<br \/>\nHyundai Tiburon<br \/>\nHyundai Trajet<br \/>\nHyundai Tucson<br \/>\nHyundai Tuscani<br \/>\nHyundai Veloster<br \/>\nHyundai Veloster N<br \/>\nHyundai Venue<br \/>\nHyundai Veracruz<br \/>\nHyundai XG<\/p>\n","protected":false},"featured_media":793047233,"comment_status":"open","ping_status":"closed","template":"","meta":{"_acf_changed":false,"inline_featured_image":false},"product_brand":[],"product_cat":[163],"product_tag":[],"class_list":{"0":"post-122512","1":"product","2":"type-product","3":"status-publish","4":"has-post-thumbnail","6":"product_cat-aluminijske-felge","7":"pa_brend-hyundai","8":"pa_velicina-236","10":"first","11":"instock","12":"taxable","13":"shipping-taxable","14":"purchasable","15":"product-type-simple"},"acf":[],"custom_product_id":"11515","_links":{"self":[{"href":"https:\/\/autostil.ba\/maloprodaja\/wp-json\/wp\/v2\/product\/122512","targetHints":{"allow":["GET"]}}],"collection":[{"href":"https:\/\/autostil.ba\/maloprodaja\/wp-json\/wp\/v2\/product"}],"about":[{"href":"https:\/\/autostil.ba\/maloprodaja\/wp-json\/wp\/v2\/types\/product"}],"replies":[{"embeddable":true,"href":"https:\/\/autostil.ba\/maloprodaja\/wp-json\/wp\/v2\/comments?post=122512"}],"version-history":[{"count":1,"href":"https:\/\/autostil.ba\/maloprodaja\/wp-json\/wp\/v2\/product\/122512\/revisions"}],"predecessor-version":[{"id":122514,"href":"https:\/\/autostil.ba\/maloprodaja\/wp-json\/wp\/v2\/product\/122512\/revisions\/122514"}],"wp:featuredmedia":[{"embeddable":true,"href":"https:\/\/autostil.ba\/maloprodaja\/wp-json\/wp\/v2\/media\/793047233"}],"wp:attachment":[{"href":"https:\/\/autostil.ba\/maloprodaja\/wp-json\/wp\/v2\/media?parent=122512"}],"wp:term":[{"taxonomy":"product_brand","embeddable":true,"href":"https:\/\/autostil.ba\/maloprodaja\/wp-json\/wp\/v2\/product_brand?post=122512"},{"taxonomy":"product_cat","embeddable":true,"href":"https:\/\/autostil.ba\/maloprodaja\/wp-json\/wp\/v2\/product_cat?post=122512"},{"taxonomy":"product_tag","embeddable":true,"href":"https:\/\/autostil.ba\/maloprodaja\/wp-json\/wp\/v2\/product_tag?post=122512"}],"curies":[{"name":"wp","href":"https:\/\/api.w.org\/{rel}","templated":true}]}}