{"id":122502,"date":"2025-09-04T10:55:52","date_gmt":"2025-09-04T08:55:52","guid":{"rendered":"https:\/\/autostil.ba\/maloprodaja\/?post_type=product&#038;p=122502"},"modified":"2026-04-08T11:49:37","modified_gmt":"2026-04-08T09:49:37","slug":"felga-aluminijumska-toyota-16x6-5-p5372","status":"publish","type":"product","link":"https:\/\/autostil.ba\/maloprodaja\/proizvod\/11514\/felga-aluminijumska-toyota-16x6-5-p5372\/","title":{"rendered":"FELGA ALUMINIJUMSKA TOYOTA 16X6.5 P5372"},"content":{"rendered":"","protected":false},"excerpt":{"rendered":"<p>FELGA ALUMINIJUMSKA TOYOTA 16X6.5 P5372 : Veli\u010dina felge: 16 inch; \u0160irina felge: 6.5 jota; Raspon rupa: 5&#215;114.3; Pre\u010dnik centralne rupe: 73,1 mm; ET: 40<br \/>\nToyota Alphard<br \/>\nToyota Altezza<br \/>\nToyota Altezza Gita<br \/>\nToyota Aristo<br \/>\nToyota Aurion<br \/>\nToyota Auris<br \/>\nToyota Avalon<br \/>\nToyota Avensis<br \/>\nToyota Avensis Verso<br \/>\nToyota Blade<br \/>\nToyota Brevis<br \/>\nToyota C-HR<br \/>\nToyota Cami<br \/>\nToyota Camry<br \/>\nToyota Camry Gracia<br \/>\nToyota Celsior<br \/>\nToyota Century<br \/>\nToyota Chaser<br \/>\nToyota Classic<br \/>\nToyota Comfort<br \/>\nToyota Corolla<br \/>\nToyota Corolla Altis<br \/>\nToyota Corolla iM<br \/>\nToyota Corolla Rumion<br \/>\nToyota Corolla Verso<br \/>\nToyota Cresta<br \/>\nToyota Crown<br \/>\nToyota Crown Athlete<br \/>\nToyota Crown Majesta<br \/>\nToyota Crown Royal<br \/>\nToyota E&#8217;Z<br \/>\nToyota Esquire<br \/>\nToyota Estima<br \/>\nToyota Estima Emina<br \/>\nToyota Estima Lucida<br \/>\nToyota Gaia<br \/>\nToyota Harrier<br \/>\nToyota Hiace<br \/>\nToyota Highlander<br \/>\nToyota Hilux<br \/>\nToyota Innova<br \/>\nToyota Innova Crysta<br \/>\nToyota Ipsum<br \/>\nToyota Isis<br \/>\nToyota Izoa<br \/>\nToyota Kijang Innova<br \/>\nToyota Kluger<br \/>\nToyota Levin<br \/>\nToyota Lite Ace<br \/>\nToyota Lite Ace Noah<br \/>\nToyota Mark II<br \/>\nToyota Mark II Blit<br \/>\nToyota Mark II Qualis<br \/>\nToyota Mark X<br \/>\nToyota Mark X Zio<br \/>\nToyota Master Ace Surf<br \/>\nToyota Matrix<br \/>\nToyota Mirai<br \/>\nToyota MR2<br \/>\nToyota Nadia<br \/>\nToyota NAV1<br \/>\nToyota Noah<br \/>\nToyota Origin<br \/>\nToyota Pickup<br \/>\nToyota Picnic<br \/>\nToyota Previa<br \/>\nToyota Prius a<br \/>\nToyota Prius v<br \/>\nToyota Prius+<br \/>\nToyota Progres<br \/>\nToyota Pronard<br \/>\nToyota RAV4<br \/>\nToyota Reiz<br \/>\nToyota Rukus<br \/>\nToyota Rush<br \/>\nToyota Sai<br \/>\nToyota Scepter<br \/>\nToyota Sienna<br \/>\nToyota Soarer<br \/>\nToyota Solara<br \/>\nToyota Supra<br \/>\nToyota Tacoma<br \/>\nToyota Tarago<br \/>\nToyota Town Ace<br \/>\nToyota Town Ace Noah<br \/>\nToyota Vanguard<br \/>\nToyota Vellfire<br \/>\nToyota Venza<br \/>\nToyota Verossa<br \/>\nToyota Verso<br \/>\nToyota Vienta<br \/>\nToyota Vista<br \/>\nToyota Voxy<br \/>\nToyota Windom<br \/>\nToyota Zelas<\/p>\n","protected":false},"featured_media":793047234,"comment_status":"open","ping_status":"closed","template":"","meta":{"_acf_changed":false,"inline_featured_image":false},"product_brand":[],"product_cat":[163],"product_tag":[],"class_list":{"0":"post-122502","1":"product","2":"type-product","3":"status-publish","4":"has-post-thumbnail","6":"product_cat-aluminijske-felge","7":"pa_brend-toyota","8":"pa_velicina-236","10":"first","11":"instock","12":"taxable","13":"shipping-taxable","14":"purchasable","15":"product-type-simple"},"acf":[],"custom_product_id":"11514","_links":{"self":[{"href":"https:\/\/autostil.ba\/maloprodaja\/wp-json\/wp\/v2\/product\/122502","targetHints":{"allow":["GET"]}}],"collection":[{"href":"https:\/\/autostil.ba\/maloprodaja\/wp-json\/wp\/v2\/product"}],"about":[{"href":"https:\/\/autostil.ba\/maloprodaja\/wp-json\/wp\/v2\/types\/product"}],"replies":[{"embeddable":true,"href":"https:\/\/autostil.ba\/maloprodaja\/wp-json\/wp\/v2\/comments?post=122502"}],"version-history":[{"count":1,"href":"https:\/\/autostil.ba\/maloprodaja\/wp-json\/wp\/v2\/product\/122502\/revisions"}],"predecessor-version":[{"id":122504,"href":"https:\/\/autostil.ba\/maloprodaja\/wp-json\/wp\/v2\/product\/122502\/revisions\/122504"}],"wp:featuredmedia":[{"embeddable":true,"href":"https:\/\/autostil.ba\/maloprodaja\/wp-json\/wp\/v2\/media\/793047234"}],"wp:attachment":[{"href":"https:\/\/autostil.ba\/maloprodaja\/wp-json\/wp\/v2\/media?parent=122502"}],"wp:term":[{"taxonomy":"product_brand","embeddable":true,"href":"https:\/\/autostil.ba\/maloprodaja\/wp-json\/wp\/v2\/product_brand?post=122502"},{"taxonomy":"product_cat","embeddable":true,"href":"https:\/\/autostil.ba\/maloprodaja\/wp-json\/wp\/v2\/product_cat?post=122502"},{"taxonomy":"product_tag","embeddable":true,"href":"https:\/\/autostil.ba\/maloprodaja\/wp-json\/wp\/v2\/product_tag?post=122502"}],"curies":[{"name":"wp","href":"https:\/\/api.w.org\/{rel}","templated":true}]}}