{"id":122482,"date":"2025-09-04T10:57:51","date_gmt":"2025-09-04T08:57:51","guid":{"rendered":"https:\/\/autostil.ba\/maloprodaja\/?post_type=product&#038;p=122482"},"modified":"2026-04-08T11:49:37","modified_gmt":"2026-04-08T09:49:37","slug":"felga-aluminijumska-nissan-16x6-5-p5372","status":"publish","type":"product","link":"https:\/\/autostil.ba\/maloprodaja\/proizvod\/11512\/felga-aluminijumska-nissan-16x6-5-p5372\/","title":{"rendered":"FELGA ALUMINIJUMSKA NISSAN 16X6.5 P5372"},"content":{"rendered":"","protected":false},"excerpt":{"rendered":"<p>FELGA ALUMINIJUMSKA NISSAN 16X6.5 P5372 : Veli\u010dina felge: 16 inch; \u0160irina felge: 6.5 jota; Raspon rupa: 5&#215;114.3; Pre\u010dnik centralne rupe: 73,1 mm; ET: 40<br \/>\nKOMPATIBILNO ZA MODELE:Nissan 200SX<br \/>\nNissan 240SX<br \/>\nNissan 300ZX<br \/>\nNissan 350Z<br \/>\nNissan 370Z<br \/>\nNissan Almera Tino<br \/>\nNissan Altima<br \/>\nNissan Avenir<br \/>\nNissan Bassara<br \/>\nNissan Cedric<br \/>\nNissan Cedric Cima<br \/>\nNissan Cefiro<br \/>\nNissan Cima<br \/>\nNissan Dualis<br \/>\nNissan Dualis+2<br \/>\nNissan e-NV200<br \/>\nNissan Elgrand<br \/>\nNissan Fairlady Z<br \/>\nNissan Fuga<br \/>\nNissan Gloria<br \/>\nNissan GT-R<br \/>\nNissan Infiniti Q45<br \/>\nNissan Juke<br \/>\nNissan Kix<br \/>\nNissan Lafesta<br \/>\nNissan Lannia<br \/>\nNissan Laurel<br \/>\nNissan Leaf<br \/>\nNissan Leopard<br \/>\nNissan Liberty<br \/>\nNissan Livina<br \/>\nNissan Maxima<br \/>\nNissan Murano<br \/>\nNissan NV200<br \/>\nNissan NV300<br \/>\nNissan Pathfinder<br \/>\nNissan Prairie Liberty<br \/>\nNissan Presage<br \/>\nNissan President<br \/>\nNissan Primera<br \/>\nNissan Pulsar<br \/>\nNissan Qashqai<br \/>\nNissan Qashqai+2<br \/>\nNissan Quest<br \/>\nNissan R&#8217;nessa<br \/>\nNissan Rogue<br \/>\nNissan Rogue Select<br \/>\nNissan Rogue Sport<br \/>\nNissan Sentra<br \/>\nNissan Serena<br \/>\nNissan Silvia<br \/>\nNissan Skyline<br \/>\nNissan Skyline Crossover<br \/>\nNissan Stagea<br \/>\nNissan Sylphy<br \/>\nNissan Teana<br \/>\nNissan Terrano<br \/>\nNissan Tiida<br \/>\nNissan Tino<br \/>\nNissan Vanette<br \/>\nNissan X-Trail<br \/>\nNissan X-Trail x-treme<\/p>\n","protected":false},"featured_media":793047236,"comment_status":"open","ping_status":"closed","template":"","meta":{"_acf_changed":false,"inline_featured_image":false},"product_brand":[],"product_cat":[163],"product_tag":[],"class_list":{"0":"post-122482","1":"product","2":"type-product","3":"status-publish","4":"has-post-thumbnail","6":"product_cat-aluminijske-felge","7":"pa_brend-nissan","8":"pa_velicina-236","10":"first","11":"instock","12":"taxable","13":"shipping-taxable","14":"purchasable","15":"product-type-simple"},"acf":[],"custom_product_id":"11512","_links":{"self":[{"href":"https:\/\/autostil.ba\/maloprodaja\/wp-json\/wp\/v2\/product\/122482","targetHints":{"allow":["GET"]}}],"collection":[{"href":"https:\/\/autostil.ba\/maloprodaja\/wp-json\/wp\/v2\/product"}],"about":[{"href":"https:\/\/autostil.ba\/maloprodaja\/wp-json\/wp\/v2\/types\/product"}],"replies":[{"embeddable":true,"href":"https:\/\/autostil.ba\/maloprodaja\/wp-json\/wp\/v2\/comments?post=122482"}],"version-history":[{"count":1,"href":"https:\/\/autostil.ba\/maloprodaja\/wp-json\/wp\/v2\/product\/122482\/revisions"}],"predecessor-version":[{"id":122484,"href":"https:\/\/autostil.ba\/maloprodaja\/wp-json\/wp\/v2\/product\/122482\/revisions\/122484"}],"wp:featuredmedia":[{"embeddable":true,"href":"https:\/\/autostil.ba\/maloprodaja\/wp-json\/wp\/v2\/media\/793047236"}],"wp:attachment":[{"href":"https:\/\/autostil.ba\/maloprodaja\/wp-json\/wp\/v2\/media?parent=122482"}],"wp:term":[{"taxonomy":"product_brand","embeddable":true,"href":"https:\/\/autostil.ba\/maloprodaja\/wp-json\/wp\/v2\/product_brand?post=122482"},{"taxonomy":"product_cat","embeddable":true,"href":"https:\/\/autostil.ba\/maloprodaja\/wp-json\/wp\/v2\/product_cat?post=122482"},{"taxonomy":"product_tag","embeddable":true,"href":"https:\/\/autostil.ba\/maloprodaja\/wp-json\/wp\/v2\/product_tag?post=122482"}],"curies":[{"name":"wp","href":"https:\/\/api.w.org\/{rel}","templated":true}]}}