{"id":122472,"date":"2025-09-04T10:56:51","date_gmt":"2025-09-04T08:56:51","guid":{"rendered":"https:\/\/autostil.ba\/maloprodaja\/?post_type=product&#038;p=122472"},"modified":"2026-04-08T11:49:37","modified_gmt":"2026-04-08T09:49:37","slug":"felga-aluminijumska-mitsubishi-16x6-5-p5372","status":"publish","type":"product","link":"https:\/\/autostil.ba\/maloprodaja\/proizvod\/11511\/felga-aluminijumska-mitsubishi-16x6-5-p5372\/","title":{"rendered":"FELGA ALUMINIJUMSKA MITSUBISHI 16X6.5 P5372"},"content":{"rendered":"","protected":false},"excerpt":{"rendered":"<p>FELGA ALUMINIJUMSKA KIA 16X6.5 P5372 : Veli\u010dina felge: 16 inch; \u0160irina felge: 6.5 jota; Raspon rupa: 5&#215;114.3; Pre\u010dnik centralne rupe: 73,1 mm; ET: 40<br \/>\nKOMPATIBILNO ZA MODELE:Mitsubishi 3000 GT<br \/>\nMitsubishi Airtrek<br \/>\nMitsubishi ASX<br \/>\nMitsubishi Chariot Grandis<br \/>\nMitsubishi Colt Plus<br \/>\nMitsubishi Debonair<br \/>\nMitsubishi Debonair V<br \/>\nMitsubishi Delica D:5<br \/>\nMitsubishi Delica Space Gear<br \/>\nMitsubishi Delica Star Wagon<br \/>\nMitsubishi Delica Van<br \/>\nMitsubishi Diamante<br \/>\nMitsubishi Diamante Wagon<br \/>\nMitsubishi Dignity<br \/>\nMitsubishi Eclipse<br \/>\nMitsubishi Eclipse Cross<br \/>\nMitsubishi Eclipse Spider<br \/>\nMitsubishi Endeavor<br \/>\nMitsubishi FTO<br \/>\nMitsubishi Galant<br \/>\nMitsubishi Galant Fortis<br \/>\nMitsubishi Galant Fortis Sportback<br \/>\nMitsubishi Grand Lancer<br \/>\nMitsubishi Grandis<br \/>\nMitsubishi GTO<br \/>\nMitsubishi L300<br \/>\nMitsubishi Lancer<br \/>\nMitsubishi Lancer Evolution<br \/>\nMitsubishi Lancer Fortis<br \/>\nMitsubishi Lancer Wagon<br \/>\nMitsubishi Legnum<br \/>\nMitsubishi Magna<br \/>\nMitsubishi Outlander<br \/>\nMitsubishi Outlander Sport<br \/>\nMitsubishi Pajero iO<br \/>\nMitsubishi Pajero Jr<br \/>\nMitsubishi Pajero Mini<br \/>\nMitsubishi Pajero Pinin<br \/>\nMitsubishi Proudia<br \/>\nMitsubishi RVR<br \/>\nMitsubishi RVR Roadest<br \/>\nMitsubishi Sigma<br \/>\nMitsubishi Space Gear<br \/>\nMitsubishi Space Runner<br \/>\nMitsubishi Space Wagon<br \/>\nMitsubishi Starion<br \/>\nMitsubishi Triton<br \/>\nMitsubishi Verada<br \/>\nMitsubishi Xpander<\/p>\n","protected":false},"featured_media":793047237,"comment_status":"open","ping_status":"closed","template":"","meta":{"_acf_changed":false,"inline_featured_image":false},"product_brand":[],"product_cat":[163],"product_tag":[],"class_list":{"0":"post-122472","1":"product","2":"type-product","3":"status-publish","4":"has-post-thumbnail","6":"product_cat-aluminijske-felge","7":"pa_brend-mitsubishi","8":"pa_velicina-236","10":"first","11":"instock","12":"taxable","13":"shipping-taxable","14":"purchasable","15":"product-type-simple"},"acf":[],"custom_product_id":"11511","_links":{"self":[{"href":"https:\/\/autostil.ba\/maloprodaja\/wp-json\/wp\/v2\/product\/122472","targetHints":{"allow":["GET"]}}],"collection":[{"href":"https:\/\/autostil.ba\/maloprodaja\/wp-json\/wp\/v2\/product"}],"about":[{"href":"https:\/\/autostil.ba\/maloprodaja\/wp-json\/wp\/v2\/types\/product"}],"replies":[{"embeddable":true,"href":"https:\/\/autostil.ba\/maloprodaja\/wp-json\/wp\/v2\/comments?post=122472"}],"version-history":[{"count":1,"href":"https:\/\/autostil.ba\/maloprodaja\/wp-json\/wp\/v2\/product\/122472\/revisions"}],"predecessor-version":[{"id":122474,"href":"https:\/\/autostil.ba\/maloprodaja\/wp-json\/wp\/v2\/product\/122472\/revisions\/122474"}],"wp:featuredmedia":[{"embeddable":true,"href":"https:\/\/autostil.ba\/maloprodaja\/wp-json\/wp\/v2\/media\/793047237"}],"wp:attachment":[{"href":"https:\/\/autostil.ba\/maloprodaja\/wp-json\/wp\/v2\/media?parent=122472"}],"wp:term":[{"taxonomy":"product_brand","embeddable":true,"href":"https:\/\/autostil.ba\/maloprodaja\/wp-json\/wp\/v2\/product_brand?post=122472"},{"taxonomy":"product_cat","embeddable":true,"href":"https:\/\/autostil.ba\/maloprodaja\/wp-json\/wp\/v2\/product_cat?post=122472"},{"taxonomy":"product_tag","embeddable":true,"href":"https:\/\/autostil.ba\/maloprodaja\/wp-json\/wp\/v2\/product_tag?post=122472"}],"curies":[{"name":"wp","href":"https:\/\/api.w.org\/{rel}","templated":true}]}}