{"id":122462,"date":"2025-09-04T10:57:50","date_gmt":"2025-09-04T08:57:50","guid":{"rendered":"https:\/\/autostil.ba\/maloprodaja\/?post_type=product&#038;p=122462"},"modified":"2026-04-08T11:49:32","modified_gmt":"2026-04-08T09:49:32","slug":"felga-aluminijumska-mazda-16x6-5-p5372","status":"publish","type":"product","link":"https:\/\/autostil.ba\/maloprodaja\/proizvod\/11510\/felga-aluminijumska-mazda-16x6-5-p5372\/","title":{"rendered":"FELGA ALUMINIJUMSKA MAZDA 16X6.5 P5372"},"content":{"rendered":"","protected":false},"excerpt":{"rendered":"<p>FELGA ALUMINIJUMSKA MAZDA 16X6.5 P5372 : Veli\u010dina felge: 16 inch; \u0160irina felge: 6.5 jota; Raspon rupa: 5&#215;114.3; Pre\u010dnik centralne rupe: 73,1 mm; ET: 40<br \/>\nKOMPATIBILNO ZA MODELE:<br \/>\nMazda 323<br \/>\nMazda 626<br \/>\nMazda 929<br \/>\nMazda Atenza<br \/>\nMazda Axela<br \/>\nMazda B-Series<br \/>\nMazda Biante<br \/>\nMazda Bongo Friendee<br \/>\nMazda Bongo Truck<br \/>\nMazda Bongo Van<br \/>\nMazda Capella<br \/>\nMazda Clef<br \/>\nMazda Cronos<br \/>\nMazda CX-3<br \/>\nMazda CX-5<br \/>\nMazda CX-7<br \/>\nMazda CX-8<br \/>\nMazda CX-9<br \/>\nMazda Efini MPV<br \/>\nMazda Efini MS-6<br \/>\nMazda Efini MS-8<br \/>\nMazda Efini MS-9<br \/>\nMazda Efini RX-7<br \/>\nMazda Eunos 300<br \/>\nMazda Eunos 500<br \/>\nMazda Eunos 800<br \/>\nMazda Eunos Cosmo<br \/>\nMazda Eunos Presso<br \/>\nMazda Familia<br \/>\nMazda Lantis<br \/>\nMazda Luce<br \/>\nMazda Mazda3<br \/>\nMazda Mazda3 MPS<br \/>\nMazda Mazda5<br \/>\nMazda Mazda6<br \/>\nMazda Mazda6 MPS<br \/>\nMazda Mazda8<br \/>\nMazda MazdaSpeed 3<br \/>\nMazda MazdaSpeed 6<br \/>\nMazda MazdaSpeed Axela<br \/>\nMazda Millenia<br \/>\nMazda MPV<br \/>\nMazda MX-5<br \/>\nMazda MX-5 Miata<br \/>\nMazda MX-6<br \/>\nMazda Premacy<br \/>\nMazda Protege<br \/>\nMazda Protege5<br \/>\nMazda Roadster<br \/>\nMazda RX-7<br \/>\nMazda RX-8<br \/>\nMazda Savanna RX-7<br \/>\nMazda Sentia<br \/>\nMazda Tribute<\/p>\n","protected":false},"featured_media":793047238,"comment_status":"open","ping_status":"closed","template":"","meta":{"_acf_changed":false,"inline_featured_image":false},"product_brand":[],"product_cat":[163],"product_tag":[],"class_list":{"0":"post-122462","1":"product","2":"type-product","3":"status-publish","4":"has-post-thumbnail","6":"product_cat-aluminijske-felge","7":"pa_brend-mazda","8":"pa_velicina-236","10":"first","11":"instock","12":"taxable","13":"shipping-taxable","14":"purchasable","15":"product-type-simple"},"acf":[],"custom_product_id":"11510","_links":{"self":[{"href":"https:\/\/autostil.ba\/maloprodaja\/wp-json\/wp\/v2\/product\/122462","targetHints":{"allow":["GET"]}}],"collection":[{"href":"https:\/\/autostil.ba\/maloprodaja\/wp-json\/wp\/v2\/product"}],"about":[{"href":"https:\/\/autostil.ba\/maloprodaja\/wp-json\/wp\/v2\/types\/product"}],"replies":[{"embeddable":true,"href":"https:\/\/autostil.ba\/maloprodaja\/wp-json\/wp\/v2\/comments?post=122462"}],"version-history":[{"count":1,"href":"https:\/\/autostil.ba\/maloprodaja\/wp-json\/wp\/v2\/product\/122462\/revisions"}],"predecessor-version":[{"id":122464,"href":"https:\/\/autostil.ba\/maloprodaja\/wp-json\/wp\/v2\/product\/122462\/revisions\/122464"}],"wp:featuredmedia":[{"embeddable":true,"href":"https:\/\/autostil.ba\/maloprodaja\/wp-json\/wp\/v2\/media\/793047238"}],"wp:attachment":[{"href":"https:\/\/autostil.ba\/maloprodaja\/wp-json\/wp\/v2\/media?parent=122462"}],"wp:term":[{"taxonomy":"product_brand","embeddable":true,"href":"https:\/\/autostil.ba\/maloprodaja\/wp-json\/wp\/v2\/product_brand?post=122462"},{"taxonomy":"product_cat","embeddable":true,"href":"https:\/\/autostil.ba\/maloprodaja\/wp-json\/wp\/v2\/product_cat?post=122462"},{"taxonomy":"product_tag","embeddable":true,"href":"https:\/\/autostil.ba\/maloprodaja\/wp-json\/wp\/v2\/product_tag?post=122462"}],"curies":[{"name":"wp","href":"https:\/\/api.w.org\/{rel}","templated":true}]}}