{"id":122452,"date":"2025-09-04T10:58:49","date_gmt":"2025-09-04T08:58:49","guid":{"rendered":"https:\/\/autostil.ba\/maloprodaja\/?post_type=product&#038;p=122452"},"modified":"2026-04-08T11:49:32","modified_gmt":"2026-04-08T09:49:32","slug":"felga-aluminijumska-kia-16x6-5-p5372","status":"publish","type":"product","link":"https:\/\/autostil.ba\/maloprodaja\/proizvod\/11509\/felga-aluminijumska-kia-16x6-5-p5372\/","title":{"rendered":"FELGA ALUMINIJUMSKA KIA 16X6.5 P5372"},"content":{"rendered":"","protected":false},"excerpt":{"rendered":"<p>FELGA ALUMINIJUMSKA KIA 16X6.5 P5372 : Veli\u010dina felge: 16 inch; \u0160irina felge: 6.5 jota; Raspon rupa: 5&#215;114.3; Pre\u010dnik centralne rupe: 73,1 mm; ET: 40<br \/>\nKOMPATIBILNO ZA MODELE:Kia Amanti<br \/>\nKia Cadenza<br \/>\nKia Carens<br \/>\nKia Carnival<br \/>\nKia Cee&#8217;d<br \/>\nKia Ceed<br \/>\nKia Cerato<br \/>\nKia Cerato Classic<br \/>\nKia Cerato Koup<br \/>\nKia Cerato Vivro<br \/>\nKia Enterprise<br \/>\nKia Forte<br \/>\nKia Forte Koup<br \/>\nKia Forte R<br \/>\nKia Forte5<br \/>\nKia Grand Carnival<br \/>\nKia K3<br \/>\nKia K3 GT<br \/>\nKia K3 Koup<br \/>\nKia K4<br \/>\nKia K4 Cachet<br \/>\nKia K5<br \/>\nKia K7<br \/>\nKia K9<br \/>\nKia K900<br \/>\nKia KX3<br \/>\nKia KX5<br \/>\nKia KX7<br \/>\nKia Lotze<br \/>\nKia Magentis<br \/>\nKia Niro<br \/>\nKia Opirus<br \/>\nKia Optima<br \/>\nKia Potentia<br \/>\nKia pro_Cee&#8217;d<br \/>\nKia ProCeed<br \/>\nKia Quoris<br \/>\nKia Rondo<br \/>\nKia Sedona<br \/>\nKia Seltos<br \/>\nKia Shuma<br \/>\nKia Sorento<br \/>\nKia Sorento L<br \/>\nKia Sorento Prime<br \/>\nKia Soul<br \/>\nKia Sportage<br \/>\nKia Sportage R<br \/>\nKia Stinger<br \/>\nKia Telluride<br \/>\nKia Venga<\/p>\n","protected":false},"featured_media":793047239,"comment_status":"open","ping_status":"closed","template":"","meta":{"_acf_changed":false,"inline_featured_image":false},"product_brand":[],"product_cat":[163],"product_tag":[],"class_list":{"0":"post-122452","1":"product","2":"type-product","3":"status-publish","4":"has-post-thumbnail","6":"product_cat-aluminijske-felge","7":"pa_brend-kia","8":"pa_velicina-236","10":"first","11":"instock","12":"taxable","13":"shipping-taxable","14":"purchasable","15":"product-type-simple"},"acf":[],"custom_product_id":"11509","_links":{"self":[{"href":"https:\/\/autostil.ba\/maloprodaja\/wp-json\/wp\/v2\/product\/122452","targetHints":{"allow":["GET"]}}],"collection":[{"href":"https:\/\/autostil.ba\/maloprodaja\/wp-json\/wp\/v2\/product"}],"about":[{"href":"https:\/\/autostil.ba\/maloprodaja\/wp-json\/wp\/v2\/types\/product"}],"replies":[{"embeddable":true,"href":"https:\/\/autostil.ba\/maloprodaja\/wp-json\/wp\/v2\/comments?post=122452"}],"version-history":[{"count":1,"href":"https:\/\/autostil.ba\/maloprodaja\/wp-json\/wp\/v2\/product\/122452\/revisions"}],"predecessor-version":[{"id":122454,"href":"https:\/\/autostil.ba\/maloprodaja\/wp-json\/wp\/v2\/product\/122452\/revisions\/122454"}],"wp:featuredmedia":[{"embeddable":true,"href":"https:\/\/autostil.ba\/maloprodaja\/wp-json\/wp\/v2\/media\/793047239"}],"wp:attachment":[{"href":"https:\/\/autostil.ba\/maloprodaja\/wp-json\/wp\/v2\/media?parent=122452"}],"wp:term":[{"taxonomy":"product_brand","embeddable":true,"href":"https:\/\/autostil.ba\/maloprodaja\/wp-json\/wp\/v2\/product_brand?post=122452"},{"taxonomy":"product_cat","embeddable":true,"href":"https:\/\/autostil.ba\/maloprodaja\/wp-json\/wp\/v2\/product_cat?post=122452"},{"taxonomy":"product_tag","embeddable":true,"href":"https:\/\/autostil.ba\/maloprodaja\/wp-json\/wp\/v2\/product_tag?post=122452"}],"curies":[{"name":"wp","href":"https:\/\/api.w.org\/{rel}","templated":true}]}}