{"id":122432,"date":"2024-07-18T08:17:48","date_gmt":"2024-07-18T06:17:48","guid":{"rendered":"https:\/\/autostil.ba\/maloprodaja\/?post_type=product&#038;p=122432"},"modified":"2026-04-08T11:49:31","modified_gmt":"2026-04-08T09:49:31","slug":"nosac-za-registarske-tablice-transparentni-2-1","status":"publish","type":"product","link":"https:\/\/autostil.ba\/maloprodaja\/proizvod\/11704\/nosac-za-registarske-tablice-transparentni-2-1\/","title":{"rendered":"NOSA\u010c ZA REGISTARSKE TABLICE TRANSPARENTNI 2\/1"},"content":{"rendered":"","protected":false},"excerpt":{"rendered":"<p>NOSA\u010c ZA REGISTARSKE TABLICE TRANSPARENTNI -novi model dr\u017ea\u010da registarske tablice omogu\u0107ava da brzo i lako izvr\u0161ite monta\u017eu i demonta\u017eu registarske tablice sa va\u0161eg automobila.Specifi\u010dnost je da je, za razliku od dosada\u0161njih dr\u017ea\u010da registarskih tablica ovaj &#8220;sakriven&#8221;, odnosno imate utisak da je registarska tablica va\u0161eg vozila zaljepljena.Boja transparetna , 2 dr\u017ea\u010da predvi\u0111ena za jednu registarsku tablicu.<\/p>\n","protected":false},"featured_media":122433,"comment_status":"open","ping_status":"closed","template":"","meta":{"_acf_changed":false,"inline_featured_image":false},"product_brand":[],"product_cat":[108],"product_tag":[],"class_list":{"0":"post-122432","1":"product","2":"type-product","3":"status-publish","4":"has-post-thumbnail","6":"product_cat-nosaci-registarskih-tablica","8":"first","9":"instock","10":"taxable","11":"shipping-taxable","12":"purchasable","13":"product-type-simple"},"acf":[],"custom_product_id":"11704","_links":{"self":[{"href":"https:\/\/autostil.ba\/maloprodaja\/wp-json\/wp\/v2\/product\/122432","targetHints":{"allow":["GET"]}}],"collection":[{"href":"https:\/\/autostil.ba\/maloprodaja\/wp-json\/wp\/v2\/product"}],"about":[{"href":"https:\/\/autostil.ba\/maloprodaja\/wp-json\/wp\/v2\/types\/product"}],"replies":[{"embeddable":true,"href":"https:\/\/autostil.ba\/maloprodaja\/wp-json\/wp\/v2\/comments?post=122432"}],"version-history":[{"count":1,"href":"https:\/\/autostil.ba\/maloprodaja\/wp-json\/wp\/v2\/product\/122432\/revisions"}],"predecessor-version":[{"id":122434,"href":"https:\/\/autostil.ba\/maloprodaja\/wp-json\/wp\/v2\/product\/122432\/revisions\/122434"}],"wp:featuredmedia":[{"embeddable":true,"href":"https:\/\/autostil.ba\/maloprodaja\/wp-json\/wp\/v2\/media\/122433"}],"wp:attachment":[{"href":"https:\/\/autostil.ba\/maloprodaja\/wp-json\/wp\/v2\/media?parent=122432"}],"wp:term":[{"taxonomy":"product_brand","embeddable":true,"href":"https:\/\/autostil.ba\/maloprodaja\/wp-json\/wp\/v2\/product_brand?post=122432"},{"taxonomy":"product_cat","embeddable":true,"href":"https:\/\/autostil.ba\/maloprodaja\/wp-json\/wp\/v2\/product_cat?post=122432"},{"taxonomy":"product_tag","embeddable":true,"href":"https:\/\/autostil.ba\/maloprodaja\/wp-json\/wp\/v2\/product_tag?post=122432"}],"curies":[{"name":"wp","href":"https:\/\/api.w.org\/{rel}","templated":true}]}}