{"id":122132,"date":"2024-07-18T08:17:33","date_gmt":"2024-07-18T06:17:33","guid":{"rendered":"https:\/\/autostil.ba\/maloprodaja\/?post_type=product&#038;p=122132"},"modified":"2026-04-08T11:49:20","modified_gmt":"2026-04-08T09:49:20","slug":"dijagnostika-obd2-wifi","status":"publish","type":"product","link":"https:\/\/autostil.ba\/maloprodaja\/proizvod\/11802\/dijagnostika-obd2-wifi\/","title":{"rendered":"DIJAGNOSTIKA OBD2 WIFI"},"content":{"rendered":"","protected":false},"excerpt":{"rendered":"<p>DIJAGNOSTIKA OBD2 WIFI;<br \/>\nNaziv proizvoda: mini wifi<br \/>\nModel detektora: mini wifi OBD2<br \/>\n\u010cip: pojedina\u010dni \u010dip<br \/>\nVerzija: V1.5<br \/>\nMaterijal: ABS, PCB<br \/>\nBoja: prozirno plava, mat transparentno plava, prozirna<br \/>\ncrno, \u010disto bijelo, \u010disto crno<br \/>\nPakovanje: kutija u boji\/stati\u010dna vre\u0107ica+CD<br \/>\nKoli\u010dina pakovanja: 250kom po kartonu<br \/>\n(50*30,5*34,5CM\/25PCS kutija) (53*29*37CM\/250PCS vre\u0107ica)<br \/>\nNazivni napon: 12V<br \/>\nNazivna frekvencija: 2402Mhz~2480Mhz<br \/>\nSnaga prijenosa: 2402Mhz~2480Mhz; 85.59dBuV\/m<br \/>\n2402Mhz~248OMhz; 89,41dBuV\/m<br \/>\nUkupna nazivna potro\u0161nja energije: 0,45W<br \/>\nFunkcije: \u010citanje dijagnosti\u010dkih kodova problema, \u010ditanje VIN-a uklju\u010duju\u0107i<br \/>\ngeneri\u010dke i specifi\u010dne kodove proizvo\u0111a\u010da i prikazati njihove<br \/>\nzna\u010denja (postoji vi\u0161e od 3000 generi\u010dkih definicija koda u<br \/>\nbaza podataka). Obri\u0161ite DTC i isklju\u010dite MIL (&#8220;Check Engine&#8221;<br \/>\nSvetlo). Prikaz trenutnih podataka senzora, uklju\u010duju\u0107i brzinu motora,<br \/>\nizra\u010dunata vrijednost optere\u0107enja, temperatura rashladne teku\u0107ine, status sistema goriva.<\/p>\n<p>Sistem podr\u0161ke: iOS, Android. Windows<br \/>\nKomunikacijski protokol: 1) SAE J1850 PWM (41.6Kbaud)<br \/>\n2) SAE J1850 VPW (10,4Kbaud)<br \/>\n3) ISO9141 -2 (inicijalizacija brzine od 5 baudova, 10,4Kbaud)<br \/>\n4) ISO14230 &#8211; 4 KWP (inicijalizacija brzine od 5 baudova, 10,4K boda)<br \/>\n5) ISO14230 &#8211; 4 KWP (brza inicijalizacija, 10,4K baud) 6) ISO15765-4<br \/>\n(1lbit, 500K boda)<br \/>\n6) ISO15765-4 (1lbit, 500K baud)<br \/>\n7) ISO15765-4 (29bit, 500K baud)<br \/>\n8) ISO15765 -4 (11 bit, 250K baud<br \/>\n9) ISO15765-4 (29bit, 250K baud<\/p>\n","protected":false},"featured_media":122133,"comment_status":"open","ping_status":"closed","template":"","meta":{"_acf_changed":false,"inline_featured_image":false},"product_brand":[],"product_cat":[186],"product_tag":[],"class_list":{"0":"post-122132","1":"product","2":"type-product","3":"status-publish","4":"has-post-thumbnail","6":"product_cat-dijagnostika","8":"first","9":"instock","10":"taxable","11":"shipping-taxable","12":"purchasable","13":"product-type-simple"},"acf":[],"custom_product_id":"11802","_links":{"self":[{"href":"https:\/\/autostil.ba\/maloprodaja\/wp-json\/wp\/v2\/product\/122132","targetHints":{"allow":["GET"]}}],"collection":[{"href":"https:\/\/autostil.ba\/maloprodaja\/wp-json\/wp\/v2\/product"}],"about":[{"href":"https:\/\/autostil.ba\/maloprodaja\/wp-json\/wp\/v2\/types\/product"}],"replies":[{"embeddable":true,"href":"https:\/\/autostil.ba\/maloprodaja\/wp-json\/wp\/v2\/comments?post=122132"}],"version-history":[{"count":1,"href":"https:\/\/autostil.ba\/maloprodaja\/wp-json\/wp\/v2\/product\/122132\/revisions"}],"predecessor-version":[{"id":122134,"href":"https:\/\/autostil.ba\/maloprodaja\/wp-json\/wp\/v2\/product\/122132\/revisions\/122134"}],"wp:featuredmedia":[{"embeddable":true,"href":"https:\/\/autostil.ba\/maloprodaja\/wp-json\/wp\/v2\/media\/122133"}],"wp:attachment":[{"href":"https:\/\/autostil.ba\/maloprodaja\/wp-json\/wp\/v2\/media?parent=122132"}],"wp:term":[{"taxonomy":"product_brand","embeddable":true,"href":"https:\/\/autostil.ba\/maloprodaja\/wp-json\/wp\/v2\/product_brand?post=122132"},{"taxonomy":"product_cat","embeddable":true,"href":"https:\/\/autostil.ba\/maloprodaja\/wp-json\/wp\/v2\/product_cat?post=122132"},{"taxonomy":"product_tag","embeddable":true,"href":"https:\/\/autostil.ba\/maloprodaja\/wp-json\/wp\/v2\/product_tag?post=122132"}],"curies":[{"name":"wp","href":"https:\/\/api.w.org\/{rel}","templated":true}]}}