{"id":122112,"date":"2024-10-30T08:17:32","date_gmt":"2024-10-30T06:17:32","guid":{"rendered":"https:\/\/autostil.ba\/maloprodaja\/?post_type=product&#038;p=122112"},"modified":"2026-04-08T11:49:20","modified_gmt":"2026-04-08T09:49:20","slug":"alat-za-demontazu-tapacirunga","status":"publish","type":"product","link":"https:\/\/autostil.ba\/maloprodaja\/proizvod\/12767\/alat-za-demontazu-tapacirunga\/","title":{"rendered":"ALAT ZA DEMONTA\u017dU TAPACIRUNGA"},"content":{"rendered":"","protected":false},"excerpt":{"rendered":"<p>Komplet se sastoji od 12 razli\u010ditih dijelova. Tu se nalazi sve \u0161to je potrebno za demonta\u017eu, ne samo tapacirunga, nego i drugih dijelova enterijera vozila poput raznoraznih plastika, lasjni, \u010depova, poklopaca, zatim multimedija itd.<\/p>\n","protected":false},"featured_media":793046411,"comment_status":"open","ping_status":"closed","template":"","meta":{"_acf_changed":false,"inline_featured_image":false},"product_brand":[],"product_cat":[55],"product_tag":[],"class_list":{"0":"post-122112","1":"product","2":"type-product","3":"status-publish","4":"has-post-thumbnail","6":"product_cat-alat-i-oprema-za-servise","8":"first","9":"instock","10":"taxable","11":"shipping-taxable","12":"purchasable","13":"product-type-simple"},"acf":[],"custom_product_id":"12767","_links":{"self":[{"href":"https:\/\/autostil.ba\/maloprodaja\/wp-json\/wp\/v2\/product\/122112","targetHints":{"allow":["GET"]}}],"collection":[{"href":"https:\/\/autostil.ba\/maloprodaja\/wp-json\/wp\/v2\/product"}],"about":[{"href":"https:\/\/autostil.ba\/maloprodaja\/wp-json\/wp\/v2\/types\/product"}],"replies":[{"embeddable":true,"href":"https:\/\/autostil.ba\/maloprodaja\/wp-json\/wp\/v2\/comments?post=122112"}],"version-history":[{"count":1,"href":"https:\/\/autostil.ba\/maloprodaja\/wp-json\/wp\/v2\/product\/122112\/revisions"}],"predecessor-version":[{"id":122114,"href":"https:\/\/autostil.ba\/maloprodaja\/wp-json\/wp\/v2\/product\/122112\/revisions\/122114"}],"wp:featuredmedia":[{"embeddable":true,"href":"https:\/\/autostil.ba\/maloprodaja\/wp-json\/wp\/v2\/media\/793046411"}],"wp:attachment":[{"href":"https:\/\/autostil.ba\/maloprodaja\/wp-json\/wp\/v2\/media?parent=122112"}],"wp:term":[{"taxonomy":"product_brand","embeddable":true,"href":"https:\/\/autostil.ba\/maloprodaja\/wp-json\/wp\/v2\/product_brand?post=122112"},{"taxonomy":"product_cat","embeddable":true,"href":"https:\/\/autostil.ba\/maloprodaja\/wp-json\/wp\/v2\/product_cat?post=122112"},{"taxonomy":"product_tag","embeddable":true,"href":"https:\/\/autostil.ba\/maloprodaja\/wp-json\/wp\/v2\/product_tag?post=122112"}],"curies":[{"name":"wp","href":"https:\/\/api.w.org\/{rel}","templated":true}]}}