{"id":122102,"date":"2024-10-30T09:53:31","date_gmt":"2024-10-30T07:53:31","guid":{"rendered":"https:\/\/autostil.ba\/maloprodaja\/?post_type=product&#038;p=122102"},"modified":"2026-04-08T11:49:20","modified_gmt":"2026-04-08T09:49:20","slug":"monitor-za-rikverc-kameru-7-12-24v-pz708-asy","status":"publish","type":"product","link":"https:\/\/autostil.ba\/maloprodaja\/proizvod\/11778\/monitor-za-rikverc-kameru-7-12-24v-pz708-asy\/","title":{"rendered":"MONITOR ZA RIKVERC KAMERU &#8220;7&#8221; 12-24V PZ708 ASY"},"content":{"rendered":"","protected":false},"excerpt":{"rendered":"<p><strong>SPECIFIKACIJA:<\/strong><\/p>\n<p>&#8211; 7&#8243; TFT\/LED video monitor<\/p>\n<p>&#8211; Monta\u017ea na naslon za glavu kao i klasi\u010dno postolje<\/p>\n<p>&#8211; NTSC i PAL vi\u0161estruki system<\/p>\n<p>&#8211; 16:9 veli\u010dina ekrana sa matrix sistemom<\/p>\n<p>&#8211; Pode\u0161avanje osvjetljenja, o\u0161trine, boje i nijanse<\/p>\n<p>&#8211; Be\u017ei\u010dni daljinski upravlja\u010d<\/p>\n<p>&#8211; Dva video ulaza<\/p>\n<p>&#8211; Napon DC 9-36V<\/p>\n","protected":false},"featured_media":122103,"comment_status":"open","ping_status":"closed","template":"","meta":{"_acf_changed":false,"inline_featured_image":false},"product_brand":[],"product_cat":[148],"product_tag":[],"class_list":{"0":"post-122102","1":"product","2":"type-product","3":"status-publish","4":"has-post-thumbnail","6":"product_cat-kamere-i-monitori","8":"first","9":"instock","10":"taxable","11":"shipping-taxable","12":"purchasable","13":"product-type-simple"},"acf":[],"custom_product_id":"11778","_links":{"self":[{"href":"https:\/\/autostil.ba\/maloprodaja\/wp-json\/wp\/v2\/product\/122102","targetHints":{"allow":["GET"]}}],"collection":[{"href":"https:\/\/autostil.ba\/maloprodaja\/wp-json\/wp\/v2\/product"}],"about":[{"href":"https:\/\/autostil.ba\/maloprodaja\/wp-json\/wp\/v2\/types\/product"}],"replies":[{"embeddable":true,"href":"https:\/\/autostil.ba\/maloprodaja\/wp-json\/wp\/v2\/comments?post=122102"}],"version-history":[{"count":2,"href":"https:\/\/autostil.ba\/maloprodaja\/wp-json\/wp\/v2\/product\/122102\/revisions"}],"predecessor-version":[{"id":793046780,"href":"https:\/\/autostil.ba\/maloprodaja\/wp-json\/wp\/v2\/product\/122102\/revisions\/793046780"}],"wp:featuredmedia":[{"embeddable":true,"href":"https:\/\/autostil.ba\/maloprodaja\/wp-json\/wp\/v2\/media\/122103"}],"wp:attachment":[{"href":"https:\/\/autostil.ba\/maloprodaja\/wp-json\/wp\/v2\/media?parent=122102"}],"wp:term":[{"taxonomy":"product_brand","embeddable":true,"href":"https:\/\/autostil.ba\/maloprodaja\/wp-json\/wp\/v2\/product_brand?post=122102"},{"taxonomy":"product_cat","embeddable":true,"href":"https:\/\/autostil.ba\/maloprodaja\/wp-json\/wp\/v2\/product_cat?post=122102"},{"taxonomy":"product_tag","embeddable":true,"href":"https:\/\/autostil.ba\/maloprodaja\/wp-json\/wp\/v2\/product_tag?post=122102"}],"curies":[{"name":"wp","href":"https:\/\/api.w.org\/{rel}","templated":true}]}}