{"id":122032,"date":"2025-04-23T14:55:28","date_gmt":"2025-04-23T12:55:28","guid":{"rendered":"https:\/\/autostil.ba\/maloprodaja\/?post_type=product&#038;p=122032"},"modified":"2026-04-08T11:49:13","modified_gmt":"2026-04-08T09:49:13","slug":"okvir-tablice-inox-za-terence-i-radne-masine","status":"publish","type":"product","link":"https:\/\/autostil.ba\/maloprodaja\/proizvod\/11879\/okvir-tablice-inox-za-terence-i-radne-masine\/","title":{"rendered":"OKVIR TABLICE INOX ZA TERENCE I RADNE MA\u0160INE"},"content":{"rendered":"","protected":false},"excerpt":{"rendered":"<p>OKVIR TABLICE INOX ZA TERENCE I RADNE MA\u0160INE izra\u0111en od inox materijala otpornog na koroziju i ostale vanjske uticaje.Brza i laka monta\u017ea.Prilago\u0111en mjerama BiH registarskih tablica za terence i radne ma\u0161ine dimenzija 34x20cm.Cijena se odnosi na 1 komad.<\/p>\n","protected":false},"featured_media":122033,"comment_status":"open","ping_status":"closed","template":"","meta":{"_acf_changed":false,"inline_featured_image":false},"product_brand":[],"product_cat":[108],"product_tag":[],"class_list":{"0":"post-122032","1":"product","2":"type-product","3":"status-publish","4":"has-post-thumbnail","6":"product_cat-nosaci-registarskih-tablica","8":"first","9":"instock","10":"taxable","11":"shipping-taxable","12":"purchasable","13":"product-type-simple"},"acf":[],"custom_product_id":"11879","_links":{"self":[{"href":"https:\/\/autostil.ba\/maloprodaja\/wp-json\/wp\/v2\/product\/122032","targetHints":{"allow":["GET"]}}],"collection":[{"href":"https:\/\/autostil.ba\/maloprodaja\/wp-json\/wp\/v2\/product"}],"about":[{"href":"https:\/\/autostil.ba\/maloprodaja\/wp-json\/wp\/v2\/types\/product"}],"replies":[{"embeddable":true,"href":"https:\/\/autostil.ba\/maloprodaja\/wp-json\/wp\/v2\/comments?post=122032"}],"version-history":[{"count":1,"href":"https:\/\/autostil.ba\/maloprodaja\/wp-json\/wp\/v2\/product\/122032\/revisions"}],"predecessor-version":[{"id":122034,"href":"https:\/\/autostil.ba\/maloprodaja\/wp-json\/wp\/v2\/product\/122032\/revisions\/122034"}],"wp:featuredmedia":[{"embeddable":true,"href":"https:\/\/autostil.ba\/maloprodaja\/wp-json\/wp\/v2\/media\/122033"}],"wp:attachment":[{"href":"https:\/\/autostil.ba\/maloprodaja\/wp-json\/wp\/v2\/media?parent=122032"}],"wp:term":[{"taxonomy":"product_brand","embeddable":true,"href":"https:\/\/autostil.ba\/maloprodaja\/wp-json\/wp\/v2\/product_brand?post=122032"},{"taxonomy":"product_cat","embeddable":true,"href":"https:\/\/autostil.ba\/maloprodaja\/wp-json\/wp\/v2\/product_cat?post=122032"},{"taxonomy":"product_tag","embeddable":true,"href":"https:\/\/autostil.ba\/maloprodaja\/wp-json\/wp\/v2\/product_tag?post=122032"}],"curies":[{"name":"wp","href":"https:\/\/api.w.org\/{rel}","templated":true}]}}