{"id":121812,"date":"2025-09-08T15:11:17","date_gmt":"2025-09-08T13:11:17","guid":{"rendered":"https:\/\/autostil.ba\/maloprodaja\/?post_type=product&#038;p=121812"},"modified":"2026-04-08T11:49:01","modified_gmt":"2026-04-08T09:49:01","slug":"kozna-navlaka-mjenjaca-tipska-vw-pasat-vii-2011-2014","status":"publish","type":"product","link":"https:\/\/autostil.ba\/maloprodaja\/proizvod\/12547\/kozna-navlaka-mjenjaca-tipska-vw-pasat-vii-2011-2014\/","title":{"rendered":"KO\u017dNA NAVLAKA MJENJA\u010cA TIPSKA VW PASSAT 7 2011-2014"},"content":{"rendered":"","protected":false},"excerpt":{"rendered":"<p>KO\u017dNA NAVLAKA MJENJA\u010cA TIPSKA VW PASAT 7 2011-2014<\/p>\n","protected":false},"featured_media":121813,"comment_status":"open","ping_status":"closed","template":"","meta":{"_acf_changed":false,"inline_featured_image":false},"product_brand":[],"product_cat":[901],"product_tag":[],"class_list":{"0":"post-121812","1":"product","2":"type-product","3":"status-publish","4":"has-post-thumbnail","6":"product_cat-koze-mjenjaca","7":"pa_brend-volkswagen","9":"first","10":"instock","11":"taxable","12":"shipping-taxable","13":"purchasable","14":"product-type-simple"},"acf":[],"custom_product_id":"12547","_links":{"self":[{"href":"https:\/\/autostil.ba\/maloprodaja\/wp-json\/wp\/v2\/product\/121812","targetHints":{"allow":["GET"]}}],"collection":[{"href":"https:\/\/autostil.ba\/maloprodaja\/wp-json\/wp\/v2\/product"}],"about":[{"href":"https:\/\/autostil.ba\/maloprodaja\/wp-json\/wp\/v2\/types\/product"}],"replies":[{"embeddable":true,"href":"https:\/\/autostil.ba\/maloprodaja\/wp-json\/wp\/v2\/comments?post=121812"}],"version-history":[{"count":3,"href":"https:\/\/autostil.ba\/maloprodaja\/wp-json\/wp\/v2\/product\/121812\/revisions"}],"predecessor-version":[{"id":793056867,"href":"https:\/\/autostil.ba\/maloprodaja\/wp-json\/wp\/v2\/product\/121812\/revisions\/793056867"}],"wp:featuredmedia":[{"embeddable":true,"href":"https:\/\/autostil.ba\/maloprodaja\/wp-json\/wp\/v2\/media\/121813"}],"wp:attachment":[{"href":"https:\/\/autostil.ba\/maloprodaja\/wp-json\/wp\/v2\/media?parent=121812"}],"wp:term":[{"taxonomy":"product_brand","embeddable":true,"href":"https:\/\/autostil.ba\/maloprodaja\/wp-json\/wp\/v2\/product_brand?post=121812"},{"taxonomy":"product_cat","embeddable":true,"href":"https:\/\/autostil.ba\/maloprodaja\/wp-json\/wp\/v2\/product_cat?post=121812"},{"taxonomy":"product_tag","embeddable":true,"href":"https:\/\/autostil.ba\/maloprodaja\/wp-json\/wp\/v2\/product_tag?post=121812"}],"curies":[{"name":"wp","href":"https:\/\/api.w.org\/{rel}","templated":true}]}}