{"id":121792,"date":"2025-09-08T14:56:17","date_gmt":"2025-09-08T12:56:17","guid":{"rendered":"https:\/\/autostil.ba\/maloprodaja\/?post_type=product&#038;p=121792"},"modified":"2026-04-08T11:49:01","modified_gmt":"2026-04-08T09:49:01","slug":"kozna-navlaka-mjenjaca-tipska-audi-a6-4f-2006-2011-automatik","status":"publish","type":"product","link":"https:\/\/autostil.ba\/maloprodaja\/proizvod\/12537\/kozna-navlaka-mjenjaca-tipska-audi-a6-4f-2006-2011-automatik\/","title":{"rendered":"KO\u017dNA NAVLAKA MJENJA\u010cA TIPSKA AUDI A6 4F 2006-2011 AUTOMATIK"},"content":{"rendered":"","protected":false},"excerpt":{"rendered":"<p>KO\u017dNA NAVLAKA MJENJA\u010cA TIPSKA AUDI A6 4F 2006-2011 AUTOMATIK<\/p>\n","protected":false},"featured_media":121793,"comment_status":"open","ping_status":"closed","template":"","meta":{"_acf_changed":false,"inline_featured_image":false},"product_brand":[],"product_cat":[901],"product_tag":[],"class_list":{"0":"post-121792","1":"product","2":"type-product","3":"status-publish","4":"has-post-thumbnail","6":"product_cat-koze-mjenjaca","7":"pa_brend-audi","9":"first","10":"instock","11":"taxable","12":"shipping-taxable","13":"purchasable","14":"product-type-simple"},"acf":[],"custom_product_id":"12537","_links":{"self":[{"href":"https:\/\/autostil.ba\/maloprodaja\/wp-json\/wp\/v2\/product\/121792","targetHints":{"allow":["GET"]}}],"collection":[{"href":"https:\/\/autostil.ba\/maloprodaja\/wp-json\/wp\/v2\/product"}],"about":[{"href":"https:\/\/autostil.ba\/maloprodaja\/wp-json\/wp\/v2\/types\/product"}],"replies":[{"embeddable":true,"href":"https:\/\/autostil.ba\/maloprodaja\/wp-json\/wp\/v2\/comments?post=121792"}],"version-history":[{"count":1,"href":"https:\/\/autostil.ba\/maloprodaja\/wp-json\/wp\/v2\/product\/121792\/revisions"}],"predecessor-version":[{"id":121794,"href":"https:\/\/autostil.ba\/maloprodaja\/wp-json\/wp\/v2\/product\/121792\/revisions\/121794"}],"wp:featuredmedia":[{"embeddable":true,"href":"https:\/\/autostil.ba\/maloprodaja\/wp-json\/wp\/v2\/media\/121793"}],"wp:attachment":[{"href":"https:\/\/autostil.ba\/maloprodaja\/wp-json\/wp\/v2\/media?parent=121792"}],"wp:term":[{"taxonomy":"product_brand","embeddable":true,"href":"https:\/\/autostil.ba\/maloprodaja\/wp-json\/wp\/v2\/product_brand?post=121792"},{"taxonomy":"product_cat","embeddable":true,"href":"https:\/\/autostil.ba\/maloprodaja\/wp-json\/wp\/v2\/product_cat?post=121792"},{"taxonomy":"product_tag","embeddable":true,"href":"https:\/\/autostil.ba\/maloprodaja\/wp-json\/wp\/v2\/product_tag?post=121792"}],"curies":[{"name":"wp","href":"https:\/\/api.w.org\/{rel}","templated":true}]}}