{"id":121652,"date":"2024-07-18T08:17:10","date_gmt":"2024-07-18T06:17:10","guid":{"rendered":"https:\/\/autostil.ba\/maloprodaja\/?post_type=product&#038;p=121652"},"modified":"2026-04-08T11:48:55","modified_gmt":"2026-04-08T09:48:55","slug":"kanta-za-pranje-crna-sa-seperatorom-bad-boys","status":"publish","type":"product","link":"https:\/\/autostil.ba\/maloprodaja\/proizvod\/12481\/kanta-za-pranje-crna-sa-seperatorom-bad-boys\/","title":{"rendered":"KANTA ZA PRANJE CRNA SA SEPERATOROM BAD BOYS"},"content":{"rendered":"","protected":false},"excerpt":{"rendered":"<p>Black Wash Detailing Bucket Without Separator<br \/>\nOdvaja\u010d prljav\u0161tine 26 cm<br \/>\nBlack Wash kanta za detalje sa za\u0161titom od pijeska<br \/>\nKanta za detaljno pranje i ispiranje automobila.<br \/>\nNeophodno pri pranju &#8220;za dvije kante&#8221;.<br \/>\nOpremljen \u010dvrstom, udobnom ru\u010dkom.<br \/>\nKarakteristike:<\/p>\n<p>&#8211; Kapacitet 20 L<br \/>\n&#8211; oja\u010dana<br \/>\n&#8211; visina 27 cm<br \/>\n&#8211; materijal: izdr\u017eljiva PP\/PE plastika<br \/>\n&#8211; crna boja<br \/>\n&#8211; metalna ru\u010dka sa udobnom plasti\u010dnom ru\u010dkom<br \/>\n&#8211; separator uklju\u010de<\/p>\n","protected":false},"featured_media":121653,"comment_status":"open","ping_status":"closed","template":"","meta":{"_acf_changed":false,"inline_featured_image":false},"product_brand":[],"product_cat":[164],"product_tag":[],"class_list":{"0":"post-121652","1":"product","2":"type-product","3":"status-publish","4":"has-post-thumbnail","6":"product_cat-car-detailing","8":"first","9":"instock","10":"taxable","11":"shipping-taxable","12":"purchasable","13":"product-type-simple"},"acf":[],"custom_product_id":"12481","_links":{"self":[{"href":"https:\/\/autostil.ba\/maloprodaja\/wp-json\/wp\/v2\/product\/121652","targetHints":{"allow":["GET"]}}],"collection":[{"href":"https:\/\/autostil.ba\/maloprodaja\/wp-json\/wp\/v2\/product"}],"about":[{"href":"https:\/\/autostil.ba\/maloprodaja\/wp-json\/wp\/v2\/types\/product"}],"replies":[{"embeddable":true,"href":"https:\/\/autostil.ba\/maloprodaja\/wp-json\/wp\/v2\/comments?post=121652"}],"version-history":[{"count":1,"href":"https:\/\/autostil.ba\/maloprodaja\/wp-json\/wp\/v2\/product\/121652\/revisions"}],"predecessor-version":[{"id":121654,"href":"https:\/\/autostil.ba\/maloprodaja\/wp-json\/wp\/v2\/product\/121652\/revisions\/121654"}],"wp:featuredmedia":[{"embeddable":true,"href":"https:\/\/autostil.ba\/maloprodaja\/wp-json\/wp\/v2\/media\/121653"}],"wp:attachment":[{"href":"https:\/\/autostil.ba\/maloprodaja\/wp-json\/wp\/v2\/media?parent=121652"}],"wp:term":[{"taxonomy":"product_brand","embeddable":true,"href":"https:\/\/autostil.ba\/maloprodaja\/wp-json\/wp\/v2\/product_brand?post=121652"},{"taxonomy":"product_cat","embeddable":true,"href":"https:\/\/autostil.ba\/maloprodaja\/wp-json\/wp\/v2\/product_cat?post=121652"},{"taxonomy":"product_tag","embeddable":true,"href":"https:\/\/autostil.ba\/maloprodaja\/wp-json\/wp\/v2\/product_tag?post=121652"}],"curies":[{"name":"wp","href":"https:\/\/api.w.org\/{rel}","templated":true}]}}