{"id":121622,"date":"2024-07-18T08:17:09","date_gmt":"2024-07-18T06:17:09","guid":{"rendered":"https:\/\/autostil.ba\/maloprodaja\/?post_type=product&#038;p=121622"},"modified":"2026-04-08T11:48:50","modified_gmt":"2026-04-08T09:48:50","slug":"aplikator-pamucni-bijeli-bad-boys","status":"publish","type":"product","link":"https:\/\/autostil.ba\/maloprodaja\/proizvod\/12478\/aplikator-pamucni-bijeli-bad-boys\/","title":{"rendered":"APLIKATOR PAMU\u010cNI BIJELI BAD BOYS"},"content":{"rendered":"","protected":false},"excerpt":{"rendered":"<p>Bijeli pamu\u010dni aplikator<\/p>\n<p>Vrlo delikatan, bijeli pamu\u010dni aplikator za nano\u0161enje obloga. Osigurava sigurnost primjene bez opasnosti od grebanja povr\u0161ine. Veoma upija, olak\u0161ava rad sa velikim koli\u010dinama obloga.<\/p>\n","protected":false},"featured_media":121623,"comment_status":"open","ping_status":"closed","template":"","meta":{"_acf_changed":false,"inline_featured_image":false},"product_brand":[],"product_cat":[164],"product_tag":[],"class_list":{"0":"post-121622","1":"product","2":"type-product","3":"status-publish","4":"has-post-thumbnail","6":"product_cat-car-detailing","8":"first","9":"instock","10":"taxable","11":"shipping-taxable","12":"purchasable","13":"product-type-simple"},"acf":[],"custom_product_id":"12478","_links":{"self":[{"href":"https:\/\/autostil.ba\/maloprodaja\/wp-json\/wp\/v2\/product\/121622","targetHints":{"allow":["GET"]}}],"collection":[{"href":"https:\/\/autostil.ba\/maloprodaja\/wp-json\/wp\/v2\/product"}],"about":[{"href":"https:\/\/autostil.ba\/maloprodaja\/wp-json\/wp\/v2\/types\/product"}],"replies":[{"embeddable":true,"href":"https:\/\/autostil.ba\/maloprodaja\/wp-json\/wp\/v2\/comments?post=121622"}],"version-history":[{"count":1,"href":"https:\/\/autostil.ba\/maloprodaja\/wp-json\/wp\/v2\/product\/121622\/revisions"}],"predecessor-version":[{"id":121624,"href":"https:\/\/autostil.ba\/maloprodaja\/wp-json\/wp\/v2\/product\/121622\/revisions\/121624"}],"wp:featuredmedia":[{"embeddable":true,"href":"https:\/\/autostil.ba\/maloprodaja\/wp-json\/wp\/v2\/media\/121623"}],"wp:attachment":[{"href":"https:\/\/autostil.ba\/maloprodaja\/wp-json\/wp\/v2\/media?parent=121622"}],"wp:term":[{"taxonomy":"product_brand","embeddable":true,"href":"https:\/\/autostil.ba\/maloprodaja\/wp-json\/wp\/v2\/product_brand?post=121622"},{"taxonomy":"product_cat","embeddable":true,"href":"https:\/\/autostil.ba\/maloprodaja\/wp-json\/wp\/v2\/product_cat?post=121622"},{"taxonomy":"product_tag","embeddable":true,"href":"https:\/\/autostil.ba\/maloprodaja\/wp-json\/wp\/v2\/product_tag?post=121622"}],"curies":[{"name":"wp","href":"https:\/\/api.w.org\/{rel}","templated":true}]}}