{"id":121122,"date":"2024-07-18T08:16:44","date_gmt":"2024-07-18T06:16:44","guid":{"rendered":"https:\/\/autostil.ba\/maloprodaja\/?post_type=product&#038;p=121122"},"modified":"2026-04-08T11:48:27","modified_gmt":"2026-04-08T09:48:27","slug":"krpa-crna-od-mikrovlakana-peskir-50x80-1400gr-m2","status":"publish","type":"product","link":"https:\/\/autostil.ba\/maloprodaja\/proizvod\/12631\/krpa-crna-od-mikrovlakana-peskir-50x80-1400gr-m2\/","title":{"rendered":"KRPA CRNA OD MIKROVLAKANA (PE\u0160KIR) 50&#215;80 1400gr\/m2"},"content":{"rendered":"","protected":false},"excerpt":{"rendered":"<p>Black Master pe\u0161kir je najkvalitetniji pe\u0161kir za su\u0161enje automobila, veoma spu\u017evast zahvaljuju\u0107i finim vlaknima. Veoma nje\u017ean za zahtjevne boje automobila.<\/p>\n<p>Karakteristike:<\/p>\n<p>&#8211; Sigurno za farbanje<br \/>\n&#8211; Bez ivica<br \/>\n&#8211; Veli\u010dina: 50x80cm<br \/>\n&#8211; Te\u017eina: 1400gr \/ m2<\/p>\n","protected":false},"featured_media":121123,"comment_status":"open","ping_status":"closed","template":"","meta":{"_acf_changed":false,"inline_featured_image":false},"product_brand":[],"product_cat":[164],"product_tag":[],"class_list":{"0":"post-121122","1":"product","2":"type-product","3":"status-publish","4":"has-post-thumbnail","6":"product_cat-car-detailing","8":"first","9":"instock","10":"taxable","11":"shipping-taxable","12":"purchasable","13":"product-type-simple"},"acf":[],"custom_product_id":"12631","_links":{"self":[{"href":"https:\/\/autostil.ba\/maloprodaja\/wp-json\/wp\/v2\/product\/121122","targetHints":{"allow":["GET"]}}],"collection":[{"href":"https:\/\/autostil.ba\/maloprodaja\/wp-json\/wp\/v2\/product"}],"about":[{"href":"https:\/\/autostil.ba\/maloprodaja\/wp-json\/wp\/v2\/types\/product"}],"replies":[{"embeddable":true,"href":"https:\/\/autostil.ba\/maloprodaja\/wp-json\/wp\/v2\/comments?post=121122"}],"version-history":[{"count":1,"href":"https:\/\/autostil.ba\/maloprodaja\/wp-json\/wp\/v2\/product\/121122\/revisions"}],"predecessor-version":[{"id":121124,"href":"https:\/\/autostil.ba\/maloprodaja\/wp-json\/wp\/v2\/product\/121122\/revisions\/121124"}],"wp:featuredmedia":[{"embeddable":true,"href":"https:\/\/autostil.ba\/maloprodaja\/wp-json\/wp\/v2\/media\/121123"}],"wp:attachment":[{"href":"https:\/\/autostil.ba\/maloprodaja\/wp-json\/wp\/v2\/media?parent=121122"}],"wp:term":[{"taxonomy":"product_brand","embeddable":true,"href":"https:\/\/autostil.ba\/maloprodaja\/wp-json\/wp\/v2\/product_brand?post=121122"},{"taxonomy":"product_cat","embeddable":true,"href":"https:\/\/autostil.ba\/maloprodaja\/wp-json\/wp\/v2\/product_cat?post=121122"},{"taxonomy":"product_tag","embeddable":true,"href":"https:\/\/autostil.ba\/maloprodaja\/wp-json\/wp\/v2\/product_tag?post=121122"}],"curies":[{"name":"wp","href":"https:\/\/api.w.org\/{rel}","templated":true}]}}