{"id":121102,"date":"2024-07-18T08:16:43","date_gmt":"2024-07-18T06:16:43","guid":{"rendered":"https:\/\/autostil.ba\/maloprodaja\/?post_type=product&#038;p=121102"},"modified":"2026-04-08T11:48:27","modified_gmt":"2026-04-08T09:48:27","slug":"rukavica-od-mikrovlakana-bad-boys","status":"publish","type":"product","link":"https:\/\/autostil.ba\/maloprodaja\/proizvod\/12629\/rukavica-od-mikrovlakana-bad-boys\/","title":{"rendered":"RUKAVICA OD MIKROVLAKANA BAD BOYS"},"content":{"rendered":"","protected":false},"excerpt":{"rendered":"<p>Savr\u0161eno za \u010di\u0161\u0107enje felni, prednjih maski, pragova i uop\u0161teno tvrdih mjesta za \u010di\u0161\u0107enje obi\u010dnom rukavicom ili sun\u0111erom. Dvobojno vlakno sa jedne strane. S druge strane, ujedna\u010dena, debela mikrovlakana visoke grama\u017ee. \u010cvrsta izrada i jaki \u0161avovi na \u0161avu. Ne sklizne tokom pranja.<\/p>\n","protected":false},"featured_media":121103,"comment_status":"open","ping_status":"closed","template":"","meta":{"_acf_changed":false,"inline_featured_image":false},"product_brand":[],"product_cat":[164],"product_tag":[],"class_list":{"0":"post-121102","1":"product","2":"type-product","3":"status-publish","4":"has-post-thumbnail","6":"product_cat-car-detailing","8":"first","9":"instock","10":"taxable","11":"shipping-taxable","12":"purchasable","13":"product-type-simple"},"acf":[],"custom_product_id":"12629","_links":{"self":[{"href":"https:\/\/autostil.ba\/maloprodaja\/wp-json\/wp\/v2\/product\/121102","targetHints":{"allow":["GET"]}}],"collection":[{"href":"https:\/\/autostil.ba\/maloprodaja\/wp-json\/wp\/v2\/product"}],"about":[{"href":"https:\/\/autostil.ba\/maloprodaja\/wp-json\/wp\/v2\/types\/product"}],"replies":[{"embeddable":true,"href":"https:\/\/autostil.ba\/maloprodaja\/wp-json\/wp\/v2\/comments?post=121102"}],"version-history":[{"count":1,"href":"https:\/\/autostil.ba\/maloprodaja\/wp-json\/wp\/v2\/product\/121102\/revisions"}],"predecessor-version":[{"id":121104,"href":"https:\/\/autostil.ba\/maloprodaja\/wp-json\/wp\/v2\/product\/121102\/revisions\/121104"}],"wp:featuredmedia":[{"embeddable":true,"href":"https:\/\/autostil.ba\/maloprodaja\/wp-json\/wp\/v2\/media\/121103"}],"wp:attachment":[{"href":"https:\/\/autostil.ba\/maloprodaja\/wp-json\/wp\/v2\/media?parent=121102"}],"wp:term":[{"taxonomy":"product_brand","embeddable":true,"href":"https:\/\/autostil.ba\/maloprodaja\/wp-json\/wp\/v2\/product_brand?post=121102"},{"taxonomy":"product_cat","embeddable":true,"href":"https:\/\/autostil.ba\/maloprodaja\/wp-json\/wp\/v2\/product_cat?post=121102"},{"taxonomy":"product_tag","embeddable":true,"href":"https:\/\/autostil.ba\/maloprodaja\/wp-json\/wp\/v2\/product_tag?post=121102"}],"curies":[{"name":"wp","href":"https:\/\/api.w.org\/{rel}","templated":true}]}}