{"id":121092,"date":"2024-07-18T08:16:43","date_gmt":"2024-07-18T06:16:43","guid":{"rendered":"https:\/\/autostil.ba\/maloprodaja\/?post_type=product&#038;p=121092"},"modified":"2026-04-08T11:48:21","modified_gmt":"2026-04-08T09:48:21","slug":"krpa-od-mikrovlakana-plava-40x40cm","status":"publish","type":"product","link":"https:\/\/autostil.ba\/maloprodaja\/proizvod\/12633\/krpa-od-mikrovlakana-plava-40x40cm\/","title":{"rendered":"KRPA OD MIKROVLAKANA PLAVA 40X40cm"},"content":{"rendered":"","protected":false},"excerpt":{"rendered":"<p>Upijaju\u0107a krpa od mikrovlakana, savr\u0161ena za uklanjanje pra\u0161ine, \u010di\u0161\u0107enje i gdje god \u017eelimo bezbedno o\u010distiti povr\u0161inu bez opasnosti od ogrebotina.<br \/>\nKarakteristike<\/p>\n<p>&#8211; meka BESEVNA mikrovlakna<br \/>\n&#8211; materijal: 70% poliester \/ 30% poliamid<br \/>\n&#8211; veli\u010dina: 40&#215;40 cm<br \/>\n&#8211; te\u017eina\/te\u017eina: 360 g\/m2<br \/>\n&#8211; struktura materijala: frotir<br \/>\n&#8211; temperatura pranja: do 40\u00b0C (ne koristiti omek\u0161iva\u010de)<br \/>\n&#8211; ne ostavlja pra\u0161inu<\/p>\n<p>Aplikacija<\/p>\n<p>\u010ci\u0161\u0107enje namje\u0161taja<br \/>\npoliranje povr\u0161ine<br \/>\nprimjena nutrijenata<br \/>\nsu\u0161enje povr\u0161ine<\/p>\n","protected":false},"featured_media":121093,"comment_status":"open","ping_status":"closed","template":"","meta":{"_acf_changed":false,"inline_featured_image":false},"product_brand":[],"product_cat":[164],"product_tag":[],"class_list":{"0":"post-121092","1":"product","2":"type-product","3":"status-publish","4":"has-post-thumbnail","6":"product_cat-car-detailing","8":"first","9":"instock","10":"taxable","11":"shipping-taxable","12":"purchasable","13":"product-type-simple"},"acf":[],"custom_product_id":"12633","_links":{"self":[{"href":"https:\/\/autostil.ba\/maloprodaja\/wp-json\/wp\/v2\/product\/121092","targetHints":{"allow":["GET"]}}],"collection":[{"href":"https:\/\/autostil.ba\/maloprodaja\/wp-json\/wp\/v2\/product"}],"about":[{"href":"https:\/\/autostil.ba\/maloprodaja\/wp-json\/wp\/v2\/types\/product"}],"replies":[{"embeddable":true,"href":"https:\/\/autostil.ba\/maloprodaja\/wp-json\/wp\/v2\/comments?post=121092"}],"version-history":[{"count":2,"href":"https:\/\/autostil.ba\/maloprodaja\/wp-json\/wp\/v2\/product\/121092\/revisions"}],"predecessor-version":[{"id":793046768,"href":"https:\/\/autostil.ba\/maloprodaja\/wp-json\/wp\/v2\/product\/121092\/revisions\/793046768"}],"wp:featuredmedia":[{"embeddable":true,"href":"https:\/\/autostil.ba\/maloprodaja\/wp-json\/wp\/v2\/media\/121093"}],"wp:attachment":[{"href":"https:\/\/autostil.ba\/maloprodaja\/wp-json\/wp\/v2\/media?parent=121092"}],"wp:term":[{"taxonomy":"product_brand","embeddable":true,"href":"https:\/\/autostil.ba\/maloprodaja\/wp-json\/wp\/v2\/product_brand?post=121092"},{"taxonomy":"product_cat","embeddable":true,"href":"https:\/\/autostil.ba\/maloprodaja\/wp-json\/wp\/v2\/product_cat?post=121092"},{"taxonomy":"product_tag","embeddable":true,"href":"https:\/\/autostil.ba\/maloprodaja\/wp-json\/wp\/v2\/product_tag?post=121092"}],"curies":[{"name":"wp","href":"https:\/\/api.w.org\/{rel}","templated":true}]}}