{"id":121082,"date":"2024-07-18T08:16:42","date_gmt":"2024-07-18T06:16:42","guid":{"rendered":"https:\/\/autostil.ba\/maloprodaja\/?post_type=product&#038;p=121082"},"modified":"2026-04-08T11:48:21","modified_gmt":"2026-04-08T09:48:21","slug":"krpa-od-mikrovlakana-siva-peskir-40x40cm","status":"publish","type":"product","link":"https:\/\/autostil.ba\/maloprodaja\/proizvod\/12632\/krpa-od-mikrovlakana-siva-peskir-40x40cm\/","title":{"rendered":"KRPA OD MIKROVLAKANA SIVA (PE\u0160KIR) 40X40cm"},"content":{"rendered":"","protected":false},"excerpt":{"rendered":"<p>Pe\u0161kir Black Series 40x40cm<\/p>\n<p>Pahuljasto mikrovlakno bez rubova. Vrlo upijaju\u0107a i osjetljiva struktura \u0107e se pokazati korisnom tamo gdje \u017eelimo smanjiti rizik od mikropukotina na minimum. Ne pra\u0161i i ne ostavlja mikrovlakana, \u0161to ga \u010dini idealnim za zavr\u0161ne radove kao \u0161to su poliranje voskova i lakiranje brzih detalja. Svaki mikrofiber je upakovan u folijsku ambala\u017eu sa otiskom, \u0161to garantuje originalnost proizvoda.<\/p>\n<p>Svojstva<\/p>\n<p> te\u017eina 380g\/m\u00b2<br \/>\n sastav 80% poliester, 20% poliamid<br \/>\n dimenzija 40x40cm<br \/>\n bez okvira<br \/>\n be\u0161avne<br \/>\n ne bri\u0161e pra\u0161inu<br \/>\nPranje<\/p>\n<p>Mo\u017ee se prati u ma\u0161ini (do 60\u00b0C). Operite sli\u010dnim bojama. Nemojte koristiti omek\u0161iva\u010de ili izbjeljiva\u010de.<\/p>\n","protected":false},"featured_media":121083,"comment_status":"open","ping_status":"closed","template":"","meta":{"_acf_changed":false,"inline_featured_image":false},"product_brand":[],"product_cat":[164],"product_tag":[],"class_list":{"0":"post-121082","1":"product","2":"type-product","3":"status-publish","4":"has-post-thumbnail","6":"product_cat-car-detailing","8":"first","9":"instock","10":"taxable","11":"shipping-taxable","12":"purchasable","13":"product-type-simple"},"acf":[],"custom_product_id":"12632","_links":{"self":[{"href":"https:\/\/autostil.ba\/maloprodaja\/wp-json\/wp\/v2\/product\/121082","targetHints":{"allow":["GET"]}}],"collection":[{"href":"https:\/\/autostil.ba\/maloprodaja\/wp-json\/wp\/v2\/product"}],"about":[{"href":"https:\/\/autostil.ba\/maloprodaja\/wp-json\/wp\/v2\/types\/product"}],"replies":[{"embeddable":true,"href":"https:\/\/autostil.ba\/maloprodaja\/wp-json\/wp\/v2\/comments?post=121082"}],"version-history":[{"count":1,"href":"https:\/\/autostil.ba\/maloprodaja\/wp-json\/wp\/v2\/product\/121082\/revisions"}],"predecessor-version":[{"id":121084,"href":"https:\/\/autostil.ba\/maloprodaja\/wp-json\/wp\/v2\/product\/121082\/revisions\/121084"}],"wp:featuredmedia":[{"embeddable":true,"href":"https:\/\/autostil.ba\/maloprodaja\/wp-json\/wp\/v2\/media\/121083"}],"wp:attachment":[{"href":"https:\/\/autostil.ba\/maloprodaja\/wp-json\/wp\/v2\/media?parent=121082"}],"wp:term":[{"taxonomy":"product_brand","embeddable":true,"href":"https:\/\/autostil.ba\/maloprodaja\/wp-json\/wp\/v2\/product_brand?post=121082"},{"taxonomy":"product_cat","embeddable":true,"href":"https:\/\/autostil.ba\/maloprodaja\/wp-json\/wp\/v2\/product_cat?post=121082"},{"taxonomy":"product_tag","embeddable":true,"href":"https:\/\/autostil.ba\/maloprodaja\/wp-json\/wp\/v2\/product_tag?post=121082"}],"curies":[{"name":"wp","href":"https:\/\/api.w.org\/{rel}","templated":true}]}}