{"id":121032,"date":"2025-12-23T14:40:40","date_gmt":"2025-12-23T12:40:40","guid":{"rendered":"https:\/\/autostil.ba\/maloprodaja\/?post_type=product&#038;p=121032"},"modified":"2026-04-09T14:02:51","modified_gmt":"2026-04-09T12:02:51","slug":"ratkape-sa-znakom-15-model-343","status":"publish","type":"product","link":"https:\/\/autostil.ba\/maloprodaja\/proizvod\/12737\/ratkape-sa-znakom-15-model-343\/","title":{"rendered":"RATKAPE SA ZNAKOM 15 MODEL 343 (SET)"},"content":{"rendered":"","protected":false},"excerpt":{"rendered":"<p>Ratkape sa znakom su izra\u0111ene od plastike najvi\u0161eg kvaliteta, otporne na mehani\u010dka o\u0161te\u0107enja i o\u0161te\u0107enja nastala uslijed vremenskih neprilika. Modernog su izgleda i estetski dizajnirane da se uklapaju sa linijom automobila.<\/p>\n<p><strong>NAGLA\u0160ENA CIJENA JE ZA SET OD 4 KOMADA !!<\/strong><\/p>\n","protected":false},"featured_media":793047594,"comment_status":"open","ping_status":"closed","template":"","meta":{"_acf_changed":false,"inline_featured_image":false},"product_brand":[],"product_cat":[62],"product_tag":[],"class_list":{"0":"post-121032","1":"product","2":"type-product","3":"status-publish","4":"has-post-thumbnail","6":"product_cat-ratkape-sa-znakom","7":"pa_velicina-63","9":"first","10":"instock","11":"taxable","12":"shipping-taxable","13":"purchasable","14":"product-type-simple"},"acf":[],"custom_product_id":"12737","_links":{"self":[{"href":"https:\/\/autostil.ba\/maloprodaja\/wp-json\/wp\/v2\/product\/121032","targetHints":{"allow":["GET"]}}],"collection":[{"href":"https:\/\/autostil.ba\/maloprodaja\/wp-json\/wp\/v2\/product"}],"about":[{"href":"https:\/\/autostil.ba\/maloprodaja\/wp-json\/wp\/v2\/types\/product"}],"replies":[{"embeddable":true,"href":"https:\/\/autostil.ba\/maloprodaja\/wp-json\/wp\/v2\/comments?post=121032"}],"version-history":[{"count":2,"href":"https:\/\/autostil.ba\/maloprodaja\/wp-json\/wp\/v2\/product\/121032\/revisions"}],"predecessor-version":[{"id":793053197,"href":"https:\/\/autostil.ba\/maloprodaja\/wp-json\/wp\/v2\/product\/121032\/revisions\/793053197"}],"wp:featuredmedia":[{"embeddable":true,"href":"https:\/\/autostil.ba\/maloprodaja\/wp-json\/wp\/v2\/media\/793047594"}],"wp:attachment":[{"href":"https:\/\/autostil.ba\/maloprodaja\/wp-json\/wp\/v2\/media?parent=121032"}],"wp:term":[{"taxonomy":"product_brand","embeddable":true,"href":"https:\/\/autostil.ba\/maloprodaja\/wp-json\/wp\/v2\/product_brand?post=121032"},{"taxonomy":"product_cat","embeddable":true,"href":"https:\/\/autostil.ba\/maloprodaja\/wp-json\/wp\/v2\/product_cat?post=121032"},{"taxonomy":"product_tag","embeddable":true,"href":"https:\/\/autostil.ba\/maloprodaja\/wp-json\/wp\/v2\/product_tag?post=121032"}],"curies":[{"name":"wp","href":"https:\/\/api.w.org\/{rel}","templated":true}]}}