{"id":120692,"date":"2025-11-28T09:39:21","date_gmt":"2025-11-28T07:39:21","guid":{"rendered":"https:\/\/autostil.ba\/maloprodaja\/?post_type=product&#038;p=120692"},"modified":"2026-04-08T11:48:09","modified_gmt":"2026-04-08T09:48:09","slug":"felga-aluminijumska-honda-18x7-5-5518","status":"publish","type":"product","link":"https:\/\/autostil.ba\/maloprodaja\/proizvod\/12995\/felga-aluminijumska-honda-18x7-5-5518\/","title":{"rendered":"FELGA ALUMINIJUMSKA HONDA 18X7.5 5518"},"content":{"rendered":"","protected":false},"excerpt":{"rendered":"<p>FELGA ALUMINIJUMSKA HONDA 5518\/18X7,5\/5X114,3\/67,1\/ET51;<\/p>\n<p>Veli\u010dina felge: 18 inch; \u0160irina felge: 7,5 J; Raspon rupa: 5&#215;114,3; Pre\u010dnik centralne rupe: 67,1 mm; ET: 51<\/p>\n","protected":false},"featured_media":793046351,"comment_status":"open","ping_status":"closed","template":"","meta":{"_acf_changed":false,"inline_featured_image":false},"product_brand":[],"product_cat":[163],"product_tag":[],"class_list":{"0":"post-120692","1":"product","2":"type-product","3":"status-publish","4":"has-post-thumbnail","6":"product_cat-aluminijske-felge","7":"pa_brend-honda","8":"pa_velicina-226","10":"first","11":"instock","12":"taxable","13":"shipping-taxable","14":"purchasable","15":"product-type-simple"},"acf":[],"custom_product_id":"12995","_links":{"self":[{"href":"https:\/\/autostil.ba\/maloprodaja\/wp-json\/wp\/v2\/product\/120692","targetHints":{"allow":["GET"]}}],"collection":[{"href":"https:\/\/autostil.ba\/maloprodaja\/wp-json\/wp\/v2\/product"}],"about":[{"href":"https:\/\/autostil.ba\/maloprodaja\/wp-json\/wp\/v2\/types\/product"}],"replies":[{"embeddable":true,"href":"https:\/\/autostil.ba\/maloprodaja\/wp-json\/wp\/v2\/comments?post=120692"}],"version-history":[{"count":2,"href":"https:\/\/autostil.ba\/maloprodaja\/wp-json\/wp\/v2\/product\/120692\/revisions"}],"predecessor-version":[{"id":793046352,"href":"https:\/\/autostil.ba\/maloprodaja\/wp-json\/wp\/v2\/product\/120692\/revisions\/793046352"}],"wp:featuredmedia":[{"embeddable":true,"href":"https:\/\/autostil.ba\/maloprodaja\/wp-json\/wp\/v2\/media\/793046351"}],"wp:attachment":[{"href":"https:\/\/autostil.ba\/maloprodaja\/wp-json\/wp\/v2\/media?parent=120692"}],"wp:term":[{"taxonomy":"product_brand","embeddable":true,"href":"https:\/\/autostil.ba\/maloprodaja\/wp-json\/wp\/v2\/product_brand?post=120692"},{"taxonomy":"product_cat","embeddable":true,"href":"https:\/\/autostil.ba\/maloprodaja\/wp-json\/wp\/v2\/product_cat?post=120692"},{"taxonomy":"product_tag","embeddable":true,"href":"https:\/\/autostil.ba\/maloprodaja\/wp-json\/wp\/v2\/product_tag?post=120692"}],"curies":[{"name":"wp","href":"https:\/\/api.w.org\/{rel}","templated":true}]}}