{"id":120662,"date":"2025-03-26T14:39:19","date_gmt":"2025-03-26T12:39:19","guid":{"rendered":"https:\/\/autostil.ba\/maloprodaja\/?post_type=product&#038;p=120662"},"modified":"2026-04-08T11:48:04","modified_gmt":"2026-04-08T09:48:04","slug":"felga-aluminijumska-toyota-19x7-5-p5963","status":"publish","type":"product","link":"https:\/\/autostil.ba\/maloprodaja\/proizvod\/12967\/felga-aluminijumska-toyota-19x7-5-p5963\/","title":{"rendered":"FELGA ALUMINIJUMSKA TOYOTA 19X7.5 P5963"},"content":{"rendered":"","protected":false},"excerpt":{"rendered":"<p>FELGA ALUMINIJUMSKA TOYOTA 19X7.5 P5963: Veli\u010dina felge: 19 inch; \u0160irina felge: 7,5 J; Raspon rupa: 5&#215;114,3; Pre\u010dnik centralne rupe: 73,1 mm; ET: 49<\/p>\n","protected":false},"featured_media":793047661,"comment_status":"open","ping_status":"closed","template":"","meta":{"_acf_changed":false,"inline_featured_image":false},"product_brand":[],"product_cat":[163],"product_tag":[],"class_list":{"0":"post-120662","1":"product","2":"type-product","3":"status-publish","4":"has-post-thumbnail","6":"product_cat-aluminijske-felge","7":"pa_brend-toyota","8":"pa_velicina-257","10":"first","11":"instock","12":"taxable","13":"shipping-taxable","14":"purchasable","15":"product-type-simple"},"acf":[],"custom_product_id":"12967","_links":{"self":[{"href":"https:\/\/autostil.ba\/maloprodaja\/wp-json\/wp\/v2\/product\/120662","targetHints":{"allow":["GET"]}}],"collection":[{"href":"https:\/\/autostil.ba\/maloprodaja\/wp-json\/wp\/v2\/product"}],"about":[{"href":"https:\/\/autostil.ba\/maloprodaja\/wp-json\/wp\/v2\/types\/product"}],"replies":[{"embeddable":true,"href":"https:\/\/autostil.ba\/maloprodaja\/wp-json\/wp\/v2\/comments?post=120662"}],"version-history":[{"count":1,"href":"https:\/\/autostil.ba\/maloprodaja\/wp-json\/wp\/v2\/product\/120662\/revisions"}],"predecessor-version":[{"id":120664,"href":"https:\/\/autostil.ba\/maloprodaja\/wp-json\/wp\/v2\/product\/120662\/revisions\/120664"}],"wp:featuredmedia":[{"embeddable":true,"href":"https:\/\/autostil.ba\/maloprodaja\/wp-json\/wp\/v2\/media\/793047661"}],"wp:attachment":[{"href":"https:\/\/autostil.ba\/maloprodaja\/wp-json\/wp\/v2\/media?parent=120662"}],"wp:term":[{"taxonomy":"product_brand","embeddable":true,"href":"https:\/\/autostil.ba\/maloprodaja\/wp-json\/wp\/v2\/product_brand?post=120662"},{"taxonomy":"product_cat","embeddable":true,"href":"https:\/\/autostil.ba\/maloprodaja\/wp-json\/wp\/v2\/product_cat?post=120662"},{"taxonomy":"product_tag","embeddable":true,"href":"https:\/\/autostil.ba\/maloprodaja\/wp-json\/wp\/v2\/product_tag?post=120662"}],"curies":[{"name":"wp","href":"https:\/\/api.w.org\/{rel}","templated":true}]}}