{"id":120572,"date":"2026-04-07T15:38:14","date_gmt":"2026-04-07T13:38:14","guid":{"rendered":"https:\/\/autostil.ba\/maloprodaja\/?post_type=product&#038;p=120572"},"modified":"2026-04-09T14:02:43","modified_gmt":"2026-04-09T12:02:43","slug":"ratkape-sa-znakom-16-model-432","status":"publish","type":"product","link":"https:\/\/autostil.ba\/maloprodaja\/proizvod\/12958\/ratkape-sa-znakom-16-model-432\/","title":{"rendered":"RATKAPE SA ZNAKOM 16 MODEL 432"},"content":{"rendered":"","protected":false},"excerpt":{"rendered":"<p>Ratkape sa znakom su izra\u0111ene od plastike najvi\u0161eg kvaliteta, otporne na mehani\u010dka o\u0161te\u0107enja i o\u0161te\u0107enja nastala uslijed vremenskih neprilika. Modernog su izgleda i estetski dizajnirane da se uklapaju sa linijom automobila.<\/p>\n","protected":false},"featured_media":120573,"comment_status":"open","ping_status":"closed","template":"","meta":{"_acf_changed":false,"inline_featured_image":false},"product_brand":[],"product_cat":[62],"product_tag":[],"class_list":{"0":"post-120572","1":"product","2":"type-product","3":"status-publish","4":"has-post-thumbnail","6":"product_cat-ratkape-sa-znakom","8":"first","9":"instock","10":"taxable","11":"shipping-taxable","12":"purchasable","13":"product-type-simple"},"acf":[],"custom_product_id":"12958","_links":{"self":[{"href":"https:\/\/autostil.ba\/maloprodaja\/wp-json\/wp\/v2\/product\/120572","targetHints":{"allow":["GET"]}}],"collection":[{"href":"https:\/\/autostil.ba\/maloprodaja\/wp-json\/wp\/v2\/product"}],"about":[{"href":"https:\/\/autostil.ba\/maloprodaja\/wp-json\/wp\/v2\/types\/product"}],"replies":[{"embeddable":true,"href":"https:\/\/autostil.ba\/maloprodaja\/wp-json\/wp\/v2\/comments?post=120572"}],"version-history":[{"count":1,"href":"https:\/\/autostil.ba\/maloprodaja\/wp-json\/wp\/v2\/product\/120572\/revisions"}],"predecessor-version":[{"id":120574,"href":"https:\/\/autostil.ba\/maloprodaja\/wp-json\/wp\/v2\/product\/120572\/revisions\/120574"}],"wp:featuredmedia":[{"embeddable":true,"href":"https:\/\/autostil.ba\/maloprodaja\/wp-json\/wp\/v2\/media\/120573"}],"wp:attachment":[{"href":"https:\/\/autostil.ba\/maloprodaja\/wp-json\/wp\/v2\/media?parent=120572"}],"wp:term":[{"taxonomy":"product_brand","embeddable":true,"href":"https:\/\/autostil.ba\/maloprodaja\/wp-json\/wp\/v2\/product_brand?post=120572"},{"taxonomy":"product_cat","embeddable":true,"href":"https:\/\/autostil.ba\/maloprodaja\/wp-json\/wp\/v2\/product_cat?post=120572"},{"taxonomy":"product_tag","embeddable":true,"href":"https:\/\/autostil.ba\/maloprodaja\/wp-json\/wp\/v2\/product_tag?post=120572"}],"curies":[{"name":"wp","href":"https:\/\/api.w.org\/{rel}","templated":true}]}}