{"id":120232,"date":"2026-04-22T15:40:54","date_gmt":"2026-04-22T13:40:54","guid":{"rendered":"https:\/\/autostil.ba\/maloprodaja\/?post_type=product&#038;p=120232"},"modified":"2026-04-29T11:59:56","modified_gmt":"2026-04-29T09:59:56","slug":"felga-aluminijumska-hyundai-17x7-0-p5212","status":"publish","type":"product","link":"https:\/\/autostil.ba\/maloprodaja\/proizvod\/12972\/felga-aluminijumska-hyundai-17x7-0-p5212\/","title":{"rendered":"FELGA ALUMINIJUMSKA HYUNDAI 17X7.0 P5212"},"content":{"rendered":"","protected":false},"excerpt":{"rendered":"<p>FELGA ALUMINIJUMSKA HYUNDAI 17X7.0 P5212: Veli\u010dina felge: 17 inch; \u0160irina felge: 7.0 J; Raspon rupa: 5&#215;114,3; Pre\u010dnik centralne rupe: 73,1 mm; ET: 45<\/p>\n","protected":false},"featured_media":793056401,"comment_status":"open","ping_status":"closed","template":"","meta":{"_acf_changed":false,"inline_featured_image":false},"product_brand":[],"product_cat":[163],"product_tag":[],"class_list":{"0":"post-120232","1":"product","2":"type-product","3":"status-publish","4":"has-post-thumbnail","6":"product_cat-aluminijske-felge","7":"pa_brend-hyundai","8":"pa_velicina-256","10":"first","11":"instock","12":"taxable","13":"shipping-taxable","14":"purchasable","15":"product-type-simple"},"acf":[],"custom_product_id":"12972","_links":{"self":[{"href":"https:\/\/autostil.ba\/maloprodaja\/wp-json\/wp\/v2\/product\/120232","targetHints":{"allow":["GET"]}}],"collection":[{"href":"https:\/\/autostil.ba\/maloprodaja\/wp-json\/wp\/v2\/product"}],"about":[{"href":"https:\/\/autostil.ba\/maloprodaja\/wp-json\/wp\/v2\/types\/product"}],"replies":[{"embeddable":true,"href":"https:\/\/autostil.ba\/maloprodaja\/wp-json\/wp\/v2\/comments?post=120232"}],"version-history":[{"count":1,"href":"https:\/\/autostil.ba\/maloprodaja\/wp-json\/wp\/v2\/product\/120232\/revisions"}],"predecessor-version":[{"id":120234,"href":"https:\/\/autostil.ba\/maloprodaja\/wp-json\/wp\/v2\/product\/120232\/revisions\/120234"}],"wp:featuredmedia":[{"embeddable":true,"href":"https:\/\/autostil.ba\/maloprodaja\/wp-json\/wp\/v2\/media\/793056401"}],"wp:attachment":[{"href":"https:\/\/autostil.ba\/maloprodaja\/wp-json\/wp\/v2\/media?parent=120232"}],"wp:term":[{"taxonomy":"product_brand","embeddable":true,"href":"https:\/\/autostil.ba\/maloprodaja\/wp-json\/wp\/v2\/product_brand?post=120232"},{"taxonomy":"product_cat","embeddable":true,"href":"https:\/\/autostil.ba\/maloprodaja\/wp-json\/wp\/v2\/product_cat?post=120232"},{"taxonomy":"product_tag","embeddable":true,"href":"https:\/\/autostil.ba\/maloprodaja\/wp-json\/wp\/v2\/product_tag?post=120232"}],"curies":[{"name":"wp","href":"https:\/\/api.w.org\/{rel}","templated":true}]}}