{"id":120102,"date":"2025-03-28T10:53:47","date_gmt":"2025-03-28T08:53:47","guid":{"rendered":"https:\/\/autostil.ba\/maloprodaja\/?post_type=product&#038;p=120102"},"modified":"2026-04-08T11:47:34","modified_gmt":"2026-04-08T09:47:34","slug":"kompresor-metalni-asy-12v-35l-min","status":"publish","type":"product","link":"https:\/\/autostil.ba\/maloprodaja\/proizvod\/13230\/kompresor-metalni-asy-12v-35l-min\/","title":{"rendered":"KOMPRESOR METALNI ASY 12V 35L\/min"},"content":{"rendered":"","protected":false},"excerpt":{"rendered":"<div class=\"elementor-element elementor-element-714c38a elementor-widget elementor-widget-woocommerce-product-short-description\" data-id=\"714c38a\" data-element_type=\"widget\" data-widget_type=\"woocommerce-product-short-description.default\">\n<div class=\"elementor-widget-container\">\n<div class=\"woocommerce-product-details__short-description\">\n<p>Pogodan za automobile, autobuse, kamione, 4\u00d74 vozila, kamionet, bicikle, lopte itd.<\/p>\n<p><strong>NAPOMENA: URE\u0110AJ MO\u017dE DA SE PREGRIJE, AKO SE KORISTI PREDUGO (PO\u0160TOVATI PROPISANO VRIJEME RADA)!!<\/strong><\/p>\n<p>&nbsp;<\/p>\n<p><strong>SPECIFIKACIJA:<\/strong><\/p>\n<p>\u2013 NAPON: DC 12 V<\/p>\n<p>\u2013 JA\u010cINA: 15 Amp<\/p>\n<p>\u2013 SNAGA: 240 W<\/p>\n<p>\u2013 VREMENSKI RADNI OPSEG: 12-15 min.<\/p>\n<p>\u2013 MAX. PRITISAK: 1034 kPA (150 PSI)<\/p>\n<p>\u2013 KAPACITET: 35 l\/min.<\/p>\n<p>\u2013 NAPOJNI KABAL: 3 m sa utika\u010dem za upalja\u010d<\/p>\n<p>\u2013 CRIJEVO: 0,75 m gumeno<\/p>\n<p>\u2013 PREKIDA\u010c: ON \/ OFF<\/p>\n<p>\u2013 MANOMETAR: 150 PSI<\/p>\n<p>\u2013 3 NASTAVKA ZA DUVANJE<\/p>\n<\/div>\n<\/div>\n<\/div>\n<div class=\"elementor-element elementor-element-6eb1896 elementor-widget elementor-widget-heading\" data-id=\"6eb1896\" data-element_type=\"widget\" data-widget_type=\"heading.default\">\n<div class=\"elementor-widget-container\"><\/div>\n<\/div>\n","protected":false},"featured_media":793056073,"comment_status":"open","ping_status":"closed","template":"","meta":{"_acf_changed":false,"inline_featured_image":false},"product_brand":[],"product_cat":[143],"product_tag":[],"class_list":{"0":"post-120102","1":"product","2":"type-product","3":"status-publish","4":"has-post-thumbnail","6":"product_cat-sredstva-za-odrzavanje-pneumatika","8":"first","9":"instock","10":"taxable","11":"shipping-taxable","12":"purchasable","13":"product-type-simple"},"acf":[],"custom_product_id":"13230","_links":{"self":[{"href":"https:\/\/autostil.ba\/maloprodaja\/wp-json\/wp\/v2\/product\/120102","targetHints":{"allow":["GET"]}}],"collection":[{"href":"https:\/\/autostil.ba\/maloprodaja\/wp-json\/wp\/v2\/product"}],"about":[{"href":"https:\/\/autostil.ba\/maloprodaja\/wp-json\/wp\/v2\/types\/product"}],"replies":[{"embeddable":true,"href":"https:\/\/autostil.ba\/maloprodaja\/wp-json\/wp\/v2\/comments?post=120102"}],"version-history":[{"count":2,"href":"https:\/\/autostil.ba\/maloprodaja\/wp-json\/wp\/v2\/product\/120102\/revisions"}],"predecessor-version":[{"id":793056068,"href":"https:\/\/autostil.ba\/maloprodaja\/wp-json\/wp\/v2\/product\/120102\/revisions\/793056068"}],"wp:featuredmedia":[{"embeddable":true,"href":"https:\/\/autostil.ba\/maloprodaja\/wp-json\/wp\/v2\/media\/793056073"}],"wp:attachment":[{"href":"https:\/\/autostil.ba\/maloprodaja\/wp-json\/wp\/v2\/media?parent=120102"}],"wp:term":[{"taxonomy":"product_brand","embeddable":true,"href":"https:\/\/autostil.ba\/maloprodaja\/wp-json\/wp\/v2\/product_brand?post=120102"},{"taxonomy":"product_cat","embeddable":true,"href":"https:\/\/autostil.ba\/maloprodaja\/wp-json\/wp\/v2\/product_cat?post=120102"},{"taxonomy":"product_tag","embeddable":true,"href":"https:\/\/autostil.ba\/maloprodaja\/wp-json\/wp\/v2\/product_tag?post=120102"}],"curies":[{"name":"wp","href":"https:\/\/api.w.org\/{rel}","templated":true}]}}