{"id":120092,"date":"2024-10-30T09:23:47","date_gmt":"2024-10-30T07:23:47","guid":{"rendered":"https:\/\/autostil.ba\/maloprodaja\/?post_type=product&#038;p=120092"},"modified":"2026-04-08T11:47:34","modified_gmt":"2026-04-08T09:47:34","slug":"fluorescentna-traka-za-felge-zelena-set-16-naljepnica","status":"publish","type":"product","link":"https:\/\/autostil.ba\/maloprodaja\/proizvod\/13196\/fluorescentna-traka-za-felge-zelena-set-16-naljepnica\/","title":{"rendered":"FLUORESCENTNA TRAKA ZA FELGE ZELENA (SET 16 NALJEPNICA)"},"content":{"rendered":"","protected":false},"excerpt":{"rendered":"<p>FLUORESCENTNA TRAKA ZA FELGE ZELENA SAMOLJEPLJIVA; Dimenzije: 350&#215;9 mm, Boja: Zelena fluorescentna, Materijal: PET. Set sadr\u017ei 16 komada. Vodootporne, pobolj\u0161avaju sigurnost u no\u0107noj vo\u017enji zbog reflektuju\u0107eg materijala za bolju vidljivost, ne ostavljaju tragove nakon uklanjanja. Trake su univerzalne i imaju \u0161iroku primjenu, mogu se koristiti na automobilima, motociklima, biciklima itd.<\/p>\n","protected":false},"featured_media":793046417,"comment_status":"open","ping_status":"closed","template":"","meta":{"_acf_changed":false,"inline_featured_image":false},"product_brand":[],"product_cat":[128],"product_tag":[],"class_list":{"0":"post-120092","1":"product","2":"type-product","3":"status-publish","4":"has-post-thumbnail","6":"product_cat-dekor-i-zastitne-trake","8":"first","9":"instock","10":"taxable","11":"shipping-taxable","12":"purchasable","13":"product-type-simple"},"acf":[],"custom_product_id":"13196","_links":{"self":[{"href":"https:\/\/autostil.ba\/maloprodaja\/wp-json\/wp\/v2\/product\/120092","targetHints":{"allow":["GET"]}}],"collection":[{"href":"https:\/\/autostil.ba\/maloprodaja\/wp-json\/wp\/v2\/product"}],"about":[{"href":"https:\/\/autostil.ba\/maloprodaja\/wp-json\/wp\/v2\/types\/product"}],"replies":[{"embeddable":true,"href":"https:\/\/autostil.ba\/maloprodaja\/wp-json\/wp\/v2\/comments?post=120092"}],"version-history":[{"count":1,"href":"https:\/\/autostil.ba\/maloprodaja\/wp-json\/wp\/v2\/product\/120092\/revisions"}],"predecessor-version":[{"id":120094,"href":"https:\/\/autostil.ba\/maloprodaja\/wp-json\/wp\/v2\/product\/120092\/revisions\/120094"}],"wp:featuredmedia":[{"embeddable":true,"href":"https:\/\/autostil.ba\/maloprodaja\/wp-json\/wp\/v2\/media\/793046417"}],"wp:attachment":[{"href":"https:\/\/autostil.ba\/maloprodaja\/wp-json\/wp\/v2\/media?parent=120092"}],"wp:term":[{"taxonomy":"product_brand","embeddable":true,"href":"https:\/\/autostil.ba\/maloprodaja\/wp-json\/wp\/v2\/product_brand?post=120092"},{"taxonomy":"product_cat","embeddable":true,"href":"https:\/\/autostil.ba\/maloprodaja\/wp-json\/wp\/v2\/product_cat?post=120092"},{"taxonomy":"product_tag","embeddable":true,"href":"https:\/\/autostil.ba\/maloprodaja\/wp-json\/wp\/v2\/product_tag?post=120092"}],"curies":[{"name":"wp","href":"https:\/\/api.w.org\/{rel}","templated":true}]}}