{"id":119522,"date":"2024-10-30T15:01:20","date_gmt":"2024-10-30T13:01:20","guid":{"rendered":"https:\/\/autostil.ba\/maloprodaja\/?post_type=product&#038;p=119522"},"modified":"2026-04-08T11:47:01","modified_gmt":"2026-04-08T09:47:01","slug":"torbica-kozna-za-kljuc-crna-vw","status":"publish","type":"product","link":"https:\/\/autostil.ba\/maloprodaja\/proizvod\/13281\/torbica-kozna-za-kljuc-crna-vw\/","title":{"rendered":"TORBICA KO\u017dNA ZA KLJU\u010c CRNA VW"},"content":{"rendered":"","protected":false},"excerpt":{"rendered":"<p>TORBICA KO\u017dNA ZA KLJU\u010c CRNA VW<\/p>\n","protected":false},"featured_media":119523,"comment_status":"open","ping_status":"closed","template":"","meta":{"_acf_changed":false,"inline_featured_image":false},"product_brand":[],"product_cat":[898],"product_tag":[],"class_list":{"0":"post-119522","1":"product","2":"type-product","3":"status-publish","4":"has-post-thumbnail","6":"product_cat-torbice-za-kljuceve","8":"first","9":"instock","10":"taxable","11":"shipping-taxable","12":"purchasable","13":"product-type-simple"},"acf":[],"custom_product_id":"13281","_links":{"self":[{"href":"https:\/\/autostil.ba\/maloprodaja\/wp-json\/wp\/v2\/product\/119522","targetHints":{"allow":["GET"]}}],"collection":[{"href":"https:\/\/autostil.ba\/maloprodaja\/wp-json\/wp\/v2\/product"}],"about":[{"href":"https:\/\/autostil.ba\/maloprodaja\/wp-json\/wp\/v2\/types\/product"}],"replies":[{"embeddable":true,"href":"https:\/\/autostil.ba\/maloprodaja\/wp-json\/wp\/v2\/comments?post=119522"}],"version-history":[{"count":1,"href":"https:\/\/autostil.ba\/maloprodaja\/wp-json\/wp\/v2\/product\/119522\/revisions"}],"predecessor-version":[{"id":119524,"href":"https:\/\/autostil.ba\/maloprodaja\/wp-json\/wp\/v2\/product\/119522\/revisions\/119524"}],"wp:featuredmedia":[{"embeddable":true,"href":"https:\/\/autostil.ba\/maloprodaja\/wp-json\/wp\/v2\/media\/119523"}],"wp:attachment":[{"href":"https:\/\/autostil.ba\/maloprodaja\/wp-json\/wp\/v2\/media?parent=119522"}],"wp:term":[{"taxonomy":"product_brand","embeddable":true,"href":"https:\/\/autostil.ba\/maloprodaja\/wp-json\/wp\/v2\/product_brand?post=119522"},{"taxonomy":"product_cat","embeddable":true,"href":"https:\/\/autostil.ba\/maloprodaja\/wp-json\/wp\/v2\/product_cat?post=119522"},{"taxonomy":"product_tag","embeddable":true,"href":"https:\/\/autostil.ba\/maloprodaja\/wp-json\/wp\/v2\/product_tag?post=119522"}],"curies":[{"name":"wp","href":"https:\/\/api.w.org\/{rel}","templated":true}]}}