{"id":119352,"date":"2025-02-18T12:14:11","date_gmt":"2025-02-18T10:14:11","guid":{"rendered":"https:\/\/autostil.ba\/maloprodaja\/?post_type=product&#038;p=119352"},"modified":"2026-04-08T11:46:49","modified_gmt":"2026-04-08T09:46:49","slug":"zastita-od-sunca-bocna-max-paw-patrol","status":"publish","type":"product","link":"https:\/\/autostil.ba\/maloprodaja\/proizvod\/11865\/zastita-od-sunca-bocna-max-paw-patrol\/","title":{"rendered":"ZA\u0160TITA OD SUNCA BO\u010cNA MAX PAW PATROL"},"content":{"rendered":"","protected":false},"excerpt":{"rendered":"<p>ZA\u0160TITA OD SUNCA BO\u010cNA MAX PAW PATROL;<\/p>\n<p>Za\u0161tita od sunca za bo\u010dne prozore automobila<br \/>\nSjenila ograni\u010davaju prodiranje sun\u010devih zraka, zahvaljuju\u0107i \u010demu temperatura u automobilu ne raste<br \/>\nOpremljeni su prakti\u010dnom vakuumskom \u010da\u0161om i lako se mogu sklopiti u male veli\u010dine<br \/>\nVesele boje i slike s Diznijevom temom u\u010dinit \u0107e putovanje ugodnijim za va\u0161e dijete<br \/>\nOdgovaraju i na prednja i na zadnja stakla<br \/>\nTema: Paw Patrol<br \/>\nOriginal DISNEY<br \/>\n2 kom u pakovanju<br \/>\nVeli\u010dina: 44 x 36 cm<\/p>\n","protected":false},"featured_media":793045039,"comment_status":"open","ping_status":"closed","template":"","meta":{"_acf_changed":false,"inline_featured_image":false},"product_brand":[],"product_cat":[91],"product_tag":[],"class_list":{"0":"post-119352","1":"product","2":"type-product","3":"status-publish","4":"has-post-thumbnail","6":"product_cat-sredstva-za-zastitu-od-sunca","8":"first","9":"instock","10":"taxable","11":"shipping-taxable","12":"purchasable","13":"product-type-simple"},"acf":[],"custom_product_id":"11865","_links":{"self":[{"href":"https:\/\/autostil.ba\/maloprodaja\/wp-json\/wp\/v2\/product\/119352","targetHints":{"allow":["GET"]}}],"collection":[{"href":"https:\/\/autostil.ba\/maloprodaja\/wp-json\/wp\/v2\/product"}],"about":[{"href":"https:\/\/autostil.ba\/maloprodaja\/wp-json\/wp\/v2\/types\/product"}],"replies":[{"embeddable":true,"href":"https:\/\/autostil.ba\/maloprodaja\/wp-json\/wp\/v2\/comments?post=119352"}],"version-history":[{"count":2,"href":"https:\/\/autostil.ba\/maloprodaja\/wp-json\/wp\/v2\/product\/119352\/revisions"}],"predecessor-version":[{"id":793045040,"href":"https:\/\/autostil.ba\/maloprodaja\/wp-json\/wp\/v2\/product\/119352\/revisions\/793045040"}],"wp:featuredmedia":[{"embeddable":true,"href":"https:\/\/autostil.ba\/maloprodaja\/wp-json\/wp\/v2\/media\/793045039"}],"wp:attachment":[{"href":"https:\/\/autostil.ba\/maloprodaja\/wp-json\/wp\/v2\/media?parent=119352"}],"wp:term":[{"taxonomy":"product_brand","embeddable":true,"href":"https:\/\/autostil.ba\/maloprodaja\/wp-json\/wp\/v2\/product_brand?post=119352"},{"taxonomy":"product_cat","embeddable":true,"href":"https:\/\/autostil.ba\/maloprodaja\/wp-json\/wp\/v2\/product_cat?post=119352"},{"taxonomy":"product_tag","embeddable":true,"href":"https:\/\/autostil.ba\/maloprodaja\/wp-json\/wp\/v2\/product_tag?post=119352"}],"curies":[{"name":"wp","href":"https:\/\/api.w.org\/{rel}","templated":true}]}}